{"id":3766,"date":"2020-07-16T06:59:12","date_gmt":"2020-07-16T06:59:12","guid":{"rendered":"https:\/\/4klee.com\/?page_id=36"},"modified":"2023-02-22T20:00:07","modified_gmt":"2023-02-22T20:00:07","slug":"vierklee-wettburo","status":"publish","type":"page","link":"https:\/\/vierklee.com\/index.php\/vierklee-wettburo\/","title":{"rendered":"Vierklee Wettb\u00fcro"},"content":{"rendered":"<h2>Die Vierklee Wettb\u00fcro GmbH ist ein \u00f6sterreichisches Wettunternehmen.<\/h2>\n<p>Unser Unternehmen bzw. die Marke Vierklee Wettb\u00fcro wurde vor \u00fcber 40 Jahren gegr\u00fcndet und befindet sich im Familienbesetz. Neben dem klassischen Wettangebot an <a href=\"https:\/\/4klee.com\/terminals-automaten\/\" target=\"_blank\" rel=\"noopener noreferrer\">Wettterminals &amp; Wettautomaten<\/a> bieten wir auch <a href=\"https:\/\/vierklee.com\/index.php\/sportwetten-neukundenbonus\/\" rel=\"noopener\">Online Wetten<\/a> an und sind damit Fullservice-Anbieter im Sportwetten-Sektor.<\/p>\n<p>Wir bieten dabei Wetten auf alle klassischen Sportarten wie Fu\u00dfball, Eishockey, Basketball, Tennis, Handball, US-Sports, Motorsport oder Skifahren an.\u00a0<\/p>\n<p>Mit derzeit <strong>\u00fcber 50 Wettterminals<\/strong> bei ausgesuchten <strong>Partnern in ganz Tirol<\/strong> ist Vierklee regionaler Marktf\u00fchrer als Wettunternehmen im filialunabh\u00e4ngigen Wettgesch\u00e4ft.<\/p>\n<p>Neben den Online Wetten und Wettterminals stellt Vierklee Dartautomaten mit dem dazugeh\u00f6rigen Service zur Verf\u00fcgung und ist auch als <strong>Wettb\u00fcroausstatter<\/strong> t\u00e4tig.<\/p>\n<h3>Unternehmensgeschichte: Vierklee Wettb\u00fcro<\/h3>\n<p><strong>1982<\/strong><\/p>\n<p>Die Firma Vierklee wurde 1982 von Peter Sch\u00f6negger in Innsbruck gegr\u00fcndet und im Jahre 1987 von Peter Hatzl als Einzelunternehmen \u00fcbernommen. Das Angebot umfasste zu dieser Zeit telefonische und schriftliche Sportwetten.<\/p>\n<p><strong>1996<\/strong><\/p>\n<p>Bis zum Jahre 1996 unterhielt Vierklee neben der Zentrale in Innsbruck auch Filialen in Feldkirch, Dornbirn und Klagenfurt.<\/p>\n<p><strong>1998<\/strong><\/p>\n<p>Bereits 1998 ging Vierklee Wettb\u00fcro mit seiner Website online, damit war auch das Onlinewettgesch\u00e4ft aus der Taufe gehoben.<\/p>\n<p><strong>2000<\/strong><\/p>\n<p>Im Jahr 2000 firmierte das Einzelunternehmen in die heutige Vierklee Wettb\u00fcro GmbH um.<\/p>\n<p><strong>2001<\/strong><\/p>\n<p>Im Jahre 2001 stellte Vierklee Wettb\u00fcro erstmals Wettterminals in Tirol auf, die schlie\u00dflich das telefonische und schriftliche Wettgesch\u00e4ft abl\u00f6sten.<\/p>\n<p><strong>2003<\/strong><\/p>\n<p>Die Annahme von telefonischen Wetten wurde ganz eingestellt. Ab diesem Zeitpunkt spezialisierte sich Vierklee auf das lokale Wettgesch\u00e4ft in seiner Zentrale und die Wettterminals.<\/p>\n<p><strong>2004<\/strong><\/p>\n<p>2004 wurde die Website einem Relaunch unterzogen und dem, damals aktuellen Stand der Technik angepasst.<\/p>\n<p><strong>2008\u00a0<\/strong><\/p>\n<p>Dean Hatzl wurde Gesch\u00e4ftsf\u00fchrer der Vierklee Wettb\u00fcro GmbH.\u00a0 Es wurde das gesamte Wettterminal-System von Topsport auf Ambassador umgestellt<\/p>\n<p><strong>2012<\/strong><\/p>\n<p>Peter Hatzl trat in den Ruhestand. Alle Wettterminals wurden eingezogen und gegen optisch neuere Wettterminals ersetzt.<\/p>\n<p><strong>2015<\/strong><\/p>\n<p>Die Webseite wurde um\u00a0 das Angebot von Livewetten erweitert. Der Firmensitz der Vierklee Wettb\u00fcro GmbH wurde nach V\u00f6ls verlegt.<\/p>\n<p><strong>2016<\/strong><\/p>\n<p>2016\u00a0wurden erstmals Wettterminals mit Selbstauszahlfunktion in Dienst gestellt. Kunden erhalten Ihre Wettgewinne direkt vom Wettterminal bar ausbezahlt. Robin Hatzl trat als Gesch\u00e4ftsf\u00fchrer zur\u00fcck.<\/p>\n<p><strong>2017<\/strong><\/p>\n<p>Im Jahr 2017 wurde der Fokus auf die \u00dcberarbeitung unserer Online Plattform gelegt. Die Plattform wurde im Mai dieses Jahres gestartet. Seitdem erfolgt eine konsequente Erweiterung von Zahlungssystemen f\u00fcr die Kunden. \u00a0Zus\u00e4tzlich zum Start der neuen Plattform, wurden bei Facebook &amp; Google Genehmigungen zur Werbung beantragt und genehmigt. \u00a0Dies wird ein wichtiger Baustein f\u00fcr die Zukunft und Entwicklung im Digitalen Kundenbereich sein.<\/p>\n<p><strong>2018<\/strong><\/p>\n<p>Die ersten Wettterminal Standorte auf neuere Serien umgetauscht. Dies wurde bis zum Start der Fussball Weltmeisterschaft komplett abgeschlossen. Alle alten Terminals wurden ver\u00e4u\u00dfert. Durch die \u00dcbernahme der Wettterminal Standorte eines Mitbewerbers konnte man zahlreichen neuen Kunden unseren Service anbieten. \u00a0Mit der 2 Jahresh\u00e4lfte \u00a0wurde eine Konsolidierungsphase eingeleitet.<\/p>\n\n<div class=\"wp-block-image\">\n<figure class=\"aligncenter size-large\"><img loading=\"lazy\" decoding=\"async\" width=\"265\" height=\"80\" src=\"https:\/\/vierklee.com\/wp-content\/uploads\/2020\/12\/vierklee_hintergrund.png\" alt=\"Vierklee \" class=\"wp-image-3843\" srcset=\"https:\/\/vierklee.com\/wp-content\/uploads\/2020\/12\/vierklee_hintergrund.png 265w, https:\/\/vierklee.com\/wp-content\/uploads\/2020\/12\/vierklee_hintergrund-230x69.png 230w\" sizes=\"auto, (max-width: 265px) 100vw, 265px\" \/><figcaption class=\"wp-element-caption\">Vierklee Wettb\u00fcro Logo<\/figcaption><\/figure><\/div>\n\n\n<p><\/p>\n","protected":false},"excerpt":{"rendered":"<p>Die Vierklee Wettb\u00fcro GmbH ist ein \u00f6sterreichisches Wettunternehmen. Unser Unternehmen bzw. die Marke Vierklee Wettb\u00fcro wurde vor \u00fcber 40 Jahren gegr\u00fcndet und [&hellip;]<\/p>\n","protected":false},"author":1,"featured_media":0,"parent":0,"menu_order":0,"comment_status":"closed","ping_status":"closed","template":"","meta":{"footnotes":""},"class_list":["post-3766","page","type-page","status-publish","hentry"],"yoast_head":"<!-- This site is optimized with the Yoast SEO plugin v27.3 - https:\/\/yoast.com\/product\/yoast-seo-wordpress\/ -->\n<title>Vierklee Wettb\u00fcro - Vierklee Sportwetten Info-Seite<\/title>\n<meta name=\"description\" content=\"Von der Firmengr\u00fcndung bis heute. Eckdaten zur Firmengeschicht der Firma, Vierklee Wettb\u00fcro GmbH, mit Sitz in V\u00f6ls in Tirol.\" \/>\n<meta name=\"robots\" content=\"index, follow, max-snippet:-1, max-image-preview:large, max-video-preview:-1\" \/>\n<link rel=\"canonical\" href=\"https:\/\/vierklee.com\/index.php\/vierklee-wettburo\/\" \/>\n<meta property=\"og:locale\" content=\"de_DE\" \/>\n<meta property=\"og:type\" content=\"article\" \/>\n<meta property=\"og:title\" content=\"Vierklee Wettb\u00fcro - Vierklee Sportwetten Info-Seite\" \/>\n<meta property=\"og:description\" content=\"Von der Firmengr\u00fcndung bis heute. Eckdaten zur Firmengeschicht der Firma, Vierklee Wettb\u00fcro GmbH, mit Sitz in V\u00f6ls in Tirol.\" \/>\n<meta property=\"og:url\" content=\"https:\/\/vierklee.com\/index.php\/vierklee-wettburo\/\" \/>\n<meta property=\"og:site_name\" content=\"Vierklee Sportwetten Info-Seite\" \/>\n<meta property=\"article:publisher\" content=\"https:\/\/www.facebook.com\/vierklee\" \/>\n<meta property=\"article:modified_time\" content=\"2023-02-22T20:00:07+00:00\" \/>\n<meta property=\"og:image\" content=\"https:\/\/vierklee.com\/wp-content\/uploads\/2020\/12\/vierklee_hintergrund.png\" \/>\n<meta name=\"twitter:card\" content=\"summary_large_image\" \/>\n<meta name=\"twitter:site\" content=\"@vierkleebet\" \/>\n<meta name=\"twitter:label1\" content=\"Gesch\u00e4tzte Lesezeit\" \/>\n\t<meta name=\"twitter:data1\" content=\"3\u00a0Minuten\" \/>\n<script type=\"application\/ld+json\" class=\"yoast-schema-graph\">{\"@context\":\"https:\\\/\\\/schema.org\",\"@graph\":[{\"@type\":\"WebPage\",\"@id\":\"https:\\\/\\\/vierklee.com\\\/index.php\\\/vierklee-wettburo\\\/\",\"url\":\"https:\\\/\\\/vierklee.com\\\/index.php\\\/vierklee-wettburo\\\/\",\"name\":\"Vierklee Wettb\u00fcro - Vierklee Sportwetten Info-Seite\",\"isPartOf\":{\"@id\":\"https:\\\/\\\/vierklee.com\\\/#website\"},\"primaryImageOfPage\":{\"@id\":\"https:\\\/\\\/vierklee.com\\\/index.php\\\/vierklee-wettburo\\\/#primaryimage\"},\"image\":{\"@id\":\"https:\\\/\\\/vierklee.com\\\/index.php\\\/vierklee-wettburo\\\/#primaryimage\"},\"thumbnailUrl\":\"https:\\\/\\\/vierklee.com\\\/wp-content\\\/uploads\\\/2020\\\/12\\\/vierklee_hintergrund.png\",\"datePublished\":\"2020-07-16T06:59:12+00:00\",\"dateModified\":\"2023-02-22T20:00:07+00:00\",\"description\":\"Von der Firmengr\u00fcndung bis heute. Eckdaten zur Firmengeschicht der Firma, Vierklee Wettb\u00fcro GmbH, mit Sitz in V\u00f6ls in Tirol.\",\"breadcrumb\":{\"@id\":\"https:\\\/\\\/vierklee.com\\\/index.php\\\/vierklee-wettburo\\\/#breadcrumb\"},\"inLanguage\":\"de\",\"potentialAction\":[{\"@type\":\"ReadAction\",\"target\":[\"https:\\\/\\\/vierklee.com\\\/index.php\\\/vierklee-wettburo\\\/\"]}]},{\"@type\":\"ImageObject\",\"inLanguage\":\"de\",\"@id\":\"https:\\\/\\\/vierklee.com\\\/index.php\\\/vierklee-wettburo\\\/#primaryimage\",\"url\":\"https:\\\/\\\/vierklee.com\\\/wp-content\\\/uploads\\\/2020\\\/12\\\/vierklee_hintergrund.png\",\"contentUrl\":\"https:\\\/\\\/vierklee.com\\\/wp-content\\\/uploads\\\/2020\\\/12\\\/vierklee_hintergrund.png\",\"width\":265,\"height\":80,\"caption\":\"Vierklee Wettb\u00fcro\"},{\"@type\":\"BreadcrumbList\",\"@id\":\"https:\\\/\\\/vierklee.com\\\/index.php\\\/vierklee-wettburo\\\/#breadcrumb\",\"itemListElement\":[{\"@type\":\"ListItem\",\"position\":1,\"name\":\"Startseite\",\"item\":\"https:\\\/\\\/vierklee.com\\\/\"},{\"@type\":\"ListItem\",\"position\":2,\"name\":\"Vierklee Wettb\u00fcro\"}]},{\"@type\":\"WebSite\",\"@id\":\"https:\\\/\\\/vierklee.com\\\/#website\",\"url\":\"https:\\\/\\\/vierklee.com\\\/\",\"name\":\"Vierklee Sportwetten\",\"description\":\"Online Wetten oder unsere Wettterminals und Dartautomaten.\",\"publisher\":{\"@id\":\"https:\\\/\\\/vierklee.com\\\/#organization\"},\"alternateName\":\"Vierklee Online Wetten\",\"potentialAction\":[{\"@type\":\"SearchAction\",\"target\":{\"@type\":\"EntryPoint\",\"urlTemplate\":\"https:\\\/\\\/vierklee.com\\\/?s={search_term_string}\"},\"query-input\":{\"@type\":\"PropertyValueSpecification\",\"valueRequired\":true,\"valueName\":\"search_term_string\"}}],\"inLanguage\":\"de\"},{\"@type\":\"Organization\",\"@id\":\"https:\\\/\\\/vierklee.com\\\/#organization\",\"name\":\"Vierklee Wettb\u00fcro GmbH\",\"alternateName\":\"Vierklee\",\"url\":\"https:\\\/\\\/vierklee.com\\\/\",\"logo\":{\"@type\":\"ImageObject\",\"inLanguage\":\"de\",\"@id\":\"https:\\\/\\\/vierklee.com\\\/#\\\/schema\\\/logo\\\/image\\\/\",\"url\":\"https:\\\/\\\/vierklee.com\\\/wp-content\\\/uploads\\\/2020\\\/12\\\/vierklee_hintergrund.png\",\"contentUrl\":\"https:\\\/\\\/vierklee.com\\\/wp-content\\\/uploads\\\/2020\\\/12\\\/vierklee_hintergrund.png\",\"width\":265,\"height\":80,\"caption\":\"Vierklee Wettb\u00fcro GmbH\"},\"image\":{\"@id\":\"https:\\\/\\\/vierklee.com\\\/#\\\/schema\\\/logo\\\/image\\\/\"},\"sameAs\":[\"https:\\\/\\\/www.facebook.com\\\/vierklee\",\"https:\\\/\\\/x.com\\\/vierkleebet\",\"https:\\\/\\\/www.instagram.com\\\/vierkleebet\\\/\",\"https:\\\/\\\/www.tumblr.com\\\/vierkleebet\"]}]}<\/script>\n<!-- \/ Yoast SEO plugin. -->","yoast_head_json":{"title":"Vierklee Wettb\u00fcro - Vierklee Sportwetten Info-Seite","description":"Von der Firmengr\u00fcndung bis heute. Eckdaten zur Firmengeschicht der Firma, Vierklee Wettb\u00fcro GmbH, mit Sitz in V\u00f6ls in Tirol.","robots":{"index":"index","follow":"follow","max-snippet":"max-snippet:-1","max-image-preview":"max-image-preview:large","max-video-preview":"max-video-preview:-1"},"canonical":"https:\/\/vierklee.com\/index.php\/vierklee-wettburo\/","og_locale":"de_DE","og_type":"article","og_title":"Vierklee Wettb\u00fcro - Vierklee Sportwetten Info-Seite","og_description":"Von der Firmengr\u00fcndung bis heute. Eckdaten zur Firmengeschicht der Firma, Vierklee Wettb\u00fcro GmbH, mit Sitz in V\u00f6ls in Tirol.","og_url":"https:\/\/vierklee.com\/index.php\/vierklee-wettburo\/","og_site_name":"Vierklee Sportwetten Info-Seite","article_publisher":"https:\/\/www.facebook.com\/vierklee","article_modified_time":"2023-02-22T20:00:07+00:00","og_image":[{"url":"https:\/\/vierklee.com\/wp-content\/uploads\/2020\/12\/vierklee_hintergrund.png","type":"","width":"","height":""}],"twitter_card":"summary_large_image","twitter_site":"@vierkleebet","twitter_misc":{"Gesch\u00e4tzte Lesezeit":"3\u00a0Minuten"},"schema":{"@context":"https:\/\/schema.org","@graph":[{"@type":"WebPage","@id":"https:\/\/vierklee.com\/index.php\/vierklee-wettburo\/","url":"https:\/\/vierklee.com\/index.php\/vierklee-wettburo\/","name":"Vierklee Wettb\u00fcro - Vierklee Sportwetten Info-Seite","isPartOf":{"@id":"https:\/\/vierklee.com\/#website"},"primaryImageOfPage":{"@id":"https:\/\/vierklee.com\/index.php\/vierklee-wettburo\/#primaryimage"},"image":{"@id":"https:\/\/vierklee.com\/index.php\/vierklee-wettburo\/#primaryimage"},"thumbnailUrl":"https:\/\/vierklee.com\/wp-content\/uploads\/2020\/12\/vierklee_hintergrund.png","datePublished":"2020-07-16T06:59:12+00:00","dateModified":"2023-02-22T20:00:07+00:00","description":"Von der Firmengr\u00fcndung bis heute. Eckdaten zur Firmengeschicht der Firma, Vierklee Wettb\u00fcro GmbH, mit Sitz in V\u00f6ls in Tirol.","breadcrumb":{"@id":"https:\/\/vierklee.com\/index.php\/vierklee-wettburo\/#breadcrumb"},"inLanguage":"de","potentialAction":[{"@type":"ReadAction","target":["https:\/\/vierklee.com\/index.php\/vierklee-wettburo\/"]}]},{"@type":"ImageObject","inLanguage":"de","@id":"https:\/\/vierklee.com\/index.php\/vierklee-wettburo\/#primaryimage","url":"https:\/\/vierklee.com\/wp-content\/uploads\/2020\/12\/vierklee_hintergrund.png","contentUrl":"https:\/\/vierklee.com\/wp-content\/uploads\/2020\/12\/vierklee_hintergrund.png","width":265,"height":80,"caption":"Vierklee Wettb\u00fcro"},{"@type":"BreadcrumbList","@id":"https:\/\/vierklee.com\/index.php\/vierklee-wettburo\/#breadcrumb","itemListElement":[{"@type":"ListItem","position":1,"name":"Startseite","item":"https:\/\/vierklee.com\/"},{"@type":"ListItem","position":2,"name":"Vierklee Wettb\u00fcro"}]},{"@type":"WebSite","@id":"https:\/\/vierklee.com\/#website","url":"https:\/\/vierklee.com\/","name":"Vierklee Sportwetten","description":"Online Wetten oder unsere Wettterminals und Dartautomaten.","publisher":{"@id":"https:\/\/vierklee.com\/#organization"},"alternateName":"Vierklee Online Wetten","potentialAction":[{"@type":"SearchAction","target":{"@type":"EntryPoint","urlTemplate":"https:\/\/vierklee.com\/?s={search_term_string}"},"query-input":{"@type":"PropertyValueSpecification","valueRequired":true,"valueName":"search_term_string"}}],"inLanguage":"de"},{"@type":"Organization","@id":"https:\/\/vierklee.com\/#organization","name":"Vierklee Wettb\u00fcro GmbH","alternateName":"Vierklee","url":"https:\/\/vierklee.com\/","logo":{"@type":"ImageObject","inLanguage":"de","@id":"https:\/\/vierklee.com\/#\/schema\/logo\/image\/","url":"https:\/\/vierklee.com\/wp-content\/uploads\/2020\/12\/vierklee_hintergrund.png","contentUrl":"https:\/\/vierklee.com\/wp-content\/uploads\/2020\/12\/vierklee_hintergrund.png","width":265,"height":80,"caption":"Vierklee Wettb\u00fcro GmbH"},"image":{"@id":"https:\/\/vierklee.com\/#\/schema\/logo\/image\/"},"sameAs":["https:\/\/www.facebook.com\/vierklee","https:\/\/x.com\/vierkleebet","https:\/\/www.instagram.com\/vierkleebet\/","https:\/\/www.tumblr.com\/vierkleebet"]}]}},"_links":{"self":[{"href":"https:\/\/vierklee.com\/index.php\/wp-json\/wp\/v2\/pages\/3766","targetHints":{"allow":["GET"]}}],"collection":[{"href":"https:\/\/vierklee.com\/index.php\/wp-json\/wp\/v2\/pages"}],"about":[{"href":"https:\/\/vierklee.com\/index.php\/wp-json\/wp\/v2\/types\/page"}],"author":[{"embeddable":true,"href":"https:\/\/vierklee.com\/index.php\/wp-json\/wp\/v2\/users\/1"}],"replies":[{"embeddable":true,"href":"https:\/\/vierklee.com\/index.php\/wp-json\/wp\/v2\/comments?post=3766"}],"version-history":[{"count":6,"href":"https:\/\/vierklee.com\/index.php\/wp-json\/wp\/v2\/pages\/3766\/revisions"}],"predecessor-version":[{"id":4038,"href":"https:\/\/vierklee.com\/index.php\/wp-json\/wp\/v2\/pages\/3766\/revisions\/4038"}],"wp:attachment":[{"href":"https:\/\/vierklee.com\/index.php\/wp-json\/wp\/v2\/media?parent=3766"}],"curies":[{"name":"wp","href":"https:\/\/api.w.org\/{rel}","templated":true}]}}