{"id":3825,"date":"2020-11-25T10:24:02","date_gmt":"2020-11-25T10:24:02","guid":{"rendered":"https:\/\/vierklee.com\/?page_id=3825"},"modified":"2025-11-17T15:35:44","modified_gmt":"2025-11-17T15:35:44","slug":"sportwetten-neukundenbonus","status":"publish","type":"page","link":"https:\/\/vierklee.com\/index.php\/sportwetten-neukundenbonus\/","title":{"rendered":"Sportwetten Neukundenbonus"},"content":{"rendered":"\n<p>Registrieren Sie sich als Neukunde auf unserer <strong><a href=\"https:\/\/vierklee-wetten.com\/#af=39300\" target=\"_blank\" rel=\"noreferrer noopener nofollow\">Wettseite<\/a><\/strong> und starten Sie mit unserem Sportwetten Neukundenbonus.  Wir bieten den Bonus in zwei verschiedenen M\u00f6glichkeiten an. <\/p>\n\n\n\n<p>Sie k\u00f6nnen sich entscheiden, welche Variante unseres Neukundenbonus Sie m\u00f6chten. <\/p>\n\n\n\n<p>Unser Bonus-Angebot an Sie, in zwei verschiedenen Varianten .<br>A) 25 Euro Bonus &#8211; Bonus-Betrag muss 3 mal umgesetzt werden. <br>B) 50 Euro Bonus &#8211; Bonus-Betrag muss 6 mal umgesetzt werden.<br>C) 100 Euro Bonus- Bonus-Betrag muss 12 mal umgesetzt werden.<\/p>\n\n\n\n<h4 class=\"wp-block-heading\">Wie funktioniert das?<\/h4>\n\n\n\n<p>1) Sie registrieren sich auf <a href=\"https:\/\/vierklee-wetten.com\/#af=39300\" target=\"_blank\" rel=\"noreferrer noopener\">www.vierklee-wetten<\/a><a href=\"https:\/\/vierklee-wetten.com\/?atag=200811\" target=\"_blank\" rel=\"noreferrer noopener\">.com<\/a> <br>2) Leisten Ihre Einzahlung.<br>3) Senden eine E-Mail oder Nachricht an den Support mit der Bitte um den Neukundenbonus. <br>4) <strong>Fertig:<\/strong>  Unser Team bucht Ihren Bonus innerhalb k\u00fcrzester Zeit! <\/p>\n\n\n<div class=\"wp-block-image\">\n<figure class=\"aligncenter size-large\"><img loading=\"lazy\" decoding=\"async\" width=\"250\" height=\"257\" src=\"https:\/\/vierklee.com\/wp-content\/uploads\/2020\/12\/present-307029_250.png\" alt=\"Neukundenbonus\" class=\"wp-image-3837\" srcset=\"https:\/\/vierklee.com\/wp-content\/uploads\/2020\/12\/present-307029_250.png 250w, https:\/\/vierklee.com\/wp-content\/uploads\/2020\/12\/present-307029_250-230x236.png 230w\" sizes=\"auto, (max-width: 250px) 100vw, 250px\" \/><figcaption class=\"wp-element-caption\">Sportwetten Neukundebonus<\/figcaption><\/figure><\/div>\n\n\n<h6 class=\"wp-block-heading\"><strong>Die Bonusbedingungen f\u00fcr den Sportwetten Neukundenbonus lauten:<\/strong><\/h6>\n\n\n\n<ol class=\"wp-block-list\">\n<li>Dieser Wett Bonus ist ausschlie\u00dflich f\u00fcr Neukunden aus Albanien, Bosnien, Griechenland, Italien, Kroatien, Luxemburg, \u00d6sterreich, Schweiz, Serbien, Slowenien, Slowakei, Tschechien und Ungarn g\u00fcltig.<\/li>\n\n\n\n<li>Der Wettbonus \u00fcber 100% wir nur auf Einzahlung gew\u00e4hrt.<\/li>\n\n\n\n<li>Einzahlungen mittels SKRILL sind von diesem Neukunden-Bonus ausgeschlossen.<\/li>\n\n\n\n<li>Der maximale Bonus auf Ihre Einzahlung betr\u00e4g 50,- Euro.<\/li>\n\n\n\n<li>Tipps zur Erf\u00fcllung der Bonus-Bedingungen m\u00fcssen mindestens einen Tipp mit einer Quote 1.8 enthalten. Der Bonus muss innerhalb eines Monats 3, 6 oder 12 mal\u00a0laut Bedingungen umgesetzt werden.<\/li>\n\n\n\n<li>Der eingezahlte Betrag muss einmal umgesetzt werden. Eine Auszahlung ist erst nach Erf\u00fcllung dieser Bedingung gestattet.<\/li>\n\n\n\n<li>W\u00e4hrend der Bonus-Aktion ist der Einsatz auf 50 Euro pro Wette eingeschr\u00e4nkt.<\/li>\n\n\n\n<li>Lediglich die erste platzierte Wette auf ein Match\/Event wird f\u00fcr die Bonus-Berechnung herangezogen. <\/li>\n\n\n\n<li>Pro Wohnadresse und oder Haushalt sowie IP-Adresse wird nur ein Bonus gew\u00e4hrt, bei Verdacht auf Missbrauch durch Mehrfach-Anmeldungen (Schein-Konten, Spielgemeinschaften) beh\u00e4lt sich Vierklee das Recht vor, den Bonus und daraus resultierende Gewinne zu stornieren.<\/li>\n\n\n\n<li>Sie werden als Neukunde aufgefordert sich gem\u00e4\u00df unseren AGB auszuweisen, dazu geh\u00f6rt die \u00dcberpr\u00fcfung Ihrer Identit\u00e4t, sowie Ihres Wohnsitz-Nachweis und die \u00dcberpr\u00fcfung Ihrer Einzahlung.<\/li>\n\n\n\n<li>Wetten die Sie mit einem Cashout beendet z\u00e4hlen nicht zum Bonus-Umsatz.<\/li>\n\n\n\n<li>Sie k\u00f6nnen w\u00e4hlen zwischen Variante A oder B beim Neukunden-Bonus.<\/li>\n\n\n\n<li>Diese Bonus-Aktion ist nicht zwingend an ein Datum gebunden und Vierklee beh\u00e4lt sich das Recht vor, diese Bonus-Aktion jederzeit zu beenden oder Kunden ohne Angabe von Gr\u00fcnden von dieser Aktion auszuschlie\u00dfen.<\/li>\n<\/ol>\n\n\n\n<p>Sollten Sie noch Fragen zum Neukundenbonus f\u00fcr Sportwetten haben, so kontaktieren Sie bitte unseren Support. <br>support@vierklee-wetten.com <\/p>\n\n\n\n<p>Sie wollen wissen wer <a href=\"https:\/\/vierklee.com\/index.php\/vierklee-wettburo\/\" rel=\"nofollow\">Vierklee<\/a> ist und seit wann es <a href=\"https:\/\/vierklee.com\/index.php\/vierklee-wettburo\/\" rel=\"nofollow\">Vierklee<\/a> gibt, dann finden Sie diese Informationen <a href=\"https:\/\/vierklee.com\/index.php\/vierklee-wettburo\/\" rel=\"nofollow\">hier<\/a>. <\/p>\n","protected":false},"excerpt":{"rendered":"<p>Registrieren Sie sich als Neukunde auf unserer Wettseite und starten Sie mit unserem Sportwetten Neukundenbonus. Wir bieten den Bonus in zwei verschiedenen [&hellip;]<\/p>\n","protected":false},"author":1,"featured_media":0,"parent":0,"menu_order":0,"comment_status":"closed","ping_status":"closed","template":"","meta":{"footnotes":""},"class_list":["post-3825","page","type-page","status-publish","hentry"],"yoast_head":"<!-- This site is optimized with the Yoast SEO plugin v27.3 - https:\/\/yoast.com\/product\/yoast-seo-wordpress\/ -->\n<title>Sportwetten Neukundenbonus - Vierklee Sportwetten Info-Seite<\/title>\n<meta name=\"description\" content=\"Kostenlos Wettkonto erstellen und bis zu 50\u20ac Neukundenbonus sichern. Ihr Sportwetten Neukundebonus auf Vierklee wartet auf Sie.\" \/>\n<meta name=\"robots\" content=\"index, follow, max-snippet:-1, max-image-preview:large, max-video-preview:-1\" \/>\n<link rel=\"canonical\" href=\"https:\/\/vierklee.com\/index.php\/sportwetten-neukundenbonus\/\" \/>\n<meta property=\"og:locale\" content=\"de_DE\" \/>\n<meta property=\"og:type\" content=\"article\" \/>\n<meta property=\"og:title\" content=\"Sportwetten Neukundenbonus - Vierklee Sportwetten Info-Seite\" \/>\n<meta property=\"og:description\" content=\"Kostenlos Wettkonto erstellen und bis zu 50\u20ac Neukundenbonus sichern. Ihr Sportwetten Neukundebonus auf Vierklee wartet auf Sie.\" \/>\n<meta property=\"og:url\" content=\"https:\/\/vierklee.com\/index.php\/sportwetten-neukundenbonus\/\" \/>\n<meta property=\"og:site_name\" content=\"Vierklee Sportwetten Info-Seite\" \/>\n<meta property=\"article:publisher\" content=\"https:\/\/www.facebook.com\/vierklee\" \/>\n<meta property=\"article:modified_time\" content=\"2025-11-17T15:35:44+00:00\" \/>\n<meta property=\"og:image\" content=\"https:\/\/vierklee.com\/wp-content\/uploads\/2020\/12\/present-307029_250.png\" \/>\n<meta name=\"twitter:card\" content=\"summary_large_image\" \/>\n<meta name=\"twitter:site\" content=\"@vierkleebet\" \/>\n<meta name=\"twitter:label1\" content=\"Gesch\u00e4tzte Lesezeit\" \/>\n\t<meta name=\"twitter:data1\" content=\"3\u00a0Minuten\" \/>\n<script type=\"application\/ld+json\" class=\"yoast-schema-graph\">{\"@context\":\"https:\\\/\\\/schema.org\",\"@graph\":[{\"@type\":\"WebPage\",\"@id\":\"https:\\\/\\\/vierklee.com\\\/index.php\\\/sportwetten-neukundenbonus\\\/\",\"url\":\"https:\\\/\\\/vierklee.com\\\/index.php\\\/sportwetten-neukundenbonus\\\/\",\"name\":\"Sportwetten Neukundenbonus - Vierklee Sportwetten Info-Seite\",\"isPartOf\":{\"@id\":\"https:\\\/\\\/vierklee.com\\\/#website\"},\"primaryImageOfPage\":{\"@id\":\"https:\\\/\\\/vierklee.com\\\/index.php\\\/sportwetten-neukundenbonus\\\/#primaryimage\"},\"image\":{\"@id\":\"https:\\\/\\\/vierklee.com\\\/index.php\\\/sportwetten-neukundenbonus\\\/#primaryimage\"},\"thumbnailUrl\":\"https:\\\/\\\/vierklee.com\\\/wp-content\\\/uploads\\\/2020\\\/12\\\/present-307029_250.png\",\"datePublished\":\"2020-11-25T10:24:02+00:00\",\"dateModified\":\"2025-11-17T15:35:44+00:00\",\"description\":\"Kostenlos Wettkonto erstellen und bis zu 50\u20ac Neukundenbonus sichern. Ihr Sportwetten Neukundebonus auf Vierklee wartet auf Sie.\",\"breadcrumb\":{\"@id\":\"https:\\\/\\\/vierklee.com\\\/index.php\\\/sportwetten-neukundenbonus\\\/#breadcrumb\"},\"inLanguage\":\"de\",\"potentialAction\":[{\"@type\":\"ReadAction\",\"target\":[\"https:\\\/\\\/vierklee.com\\\/index.php\\\/sportwetten-neukundenbonus\\\/\"]}]},{\"@type\":\"ImageObject\",\"inLanguage\":\"de\",\"@id\":\"https:\\\/\\\/vierklee.com\\\/index.php\\\/sportwetten-neukundenbonus\\\/#primaryimage\",\"url\":\"https:\\\/\\\/vierklee.com\\\/wp-content\\\/uploads\\\/2020\\\/12\\\/present-307029_250.png\",\"contentUrl\":\"https:\\\/\\\/vierklee.com\\\/wp-content\\\/uploads\\\/2020\\\/12\\\/present-307029_250.png\",\"width\":250,\"height\":257,\"caption\":\"Sportwetten Neukundebonus\"},{\"@type\":\"BreadcrumbList\",\"@id\":\"https:\\\/\\\/vierklee.com\\\/index.php\\\/sportwetten-neukundenbonus\\\/#breadcrumb\",\"itemListElement\":[{\"@type\":\"ListItem\",\"position\":1,\"name\":\"Startseite\",\"item\":\"https:\\\/\\\/vierklee.com\\\/\"},{\"@type\":\"ListItem\",\"position\":2,\"name\":\"Sportwetten Neukundenbonus\"}]},{\"@type\":\"WebSite\",\"@id\":\"https:\\\/\\\/vierklee.com\\\/#website\",\"url\":\"https:\\\/\\\/vierklee.com\\\/\",\"name\":\"Vierklee Sportwetten\",\"description\":\"Online Wetten oder unsere Wettterminals und Dartautomaten.\",\"publisher\":{\"@id\":\"https:\\\/\\\/vierklee.com\\\/#organization\"},\"alternateName\":\"Vierklee Online Wetten\",\"potentialAction\":[{\"@type\":\"SearchAction\",\"target\":{\"@type\":\"EntryPoint\",\"urlTemplate\":\"https:\\\/\\\/vierklee.com\\\/?s={search_term_string}\"},\"query-input\":{\"@type\":\"PropertyValueSpecification\",\"valueRequired\":true,\"valueName\":\"search_term_string\"}}],\"inLanguage\":\"de\"},{\"@type\":\"Organization\",\"@id\":\"https:\\\/\\\/vierklee.com\\\/#organization\",\"name\":\"Vierklee Wettb\u00fcro GmbH\",\"alternateName\":\"Vierklee\",\"url\":\"https:\\\/\\\/vierklee.com\\\/\",\"logo\":{\"@type\":\"ImageObject\",\"inLanguage\":\"de\",\"@id\":\"https:\\\/\\\/vierklee.com\\\/#\\\/schema\\\/logo\\\/image\\\/\",\"url\":\"https:\\\/\\\/vierklee.com\\\/wp-content\\\/uploads\\\/2020\\\/12\\\/vierklee_hintergrund.png\",\"contentUrl\":\"https:\\\/\\\/vierklee.com\\\/wp-content\\\/uploads\\\/2020\\\/12\\\/vierklee_hintergrund.png\",\"width\":265,\"height\":80,\"caption\":\"Vierklee Wettb\u00fcro GmbH\"},\"image\":{\"@id\":\"https:\\\/\\\/vierklee.com\\\/#\\\/schema\\\/logo\\\/image\\\/\"},\"sameAs\":[\"https:\\\/\\\/www.facebook.com\\\/vierklee\",\"https:\\\/\\\/x.com\\\/vierkleebet\",\"https:\\\/\\\/www.instagram.com\\\/vierkleebet\\\/\",\"https:\\\/\\\/www.tumblr.com\\\/vierkleebet\"]}]}<\/script>\n<!-- \/ Yoast SEO plugin. -->","yoast_head_json":{"title":"Sportwetten Neukundenbonus - Vierklee Sportwetten Info-Seite","description":"Kostenlos Wettkonto erstellen und bis zu 50\u20ac Neukundenbonus sichern. Ihr Sportwetten Neukundebonus auf Vierklee wartet auf Sie.","robots":{"index":"index","follow":"follow","max-snippet":"max-snippet:-1","max-image-preview":"max-image-preview:large","max-video-preview":"max-video-preview:-1"},"canonical":"https:\/\/vierklee.com\/index.php\/sportwetten-neukundenbonus\/","og_locale":"de_DE","og_type":"article","og_title":"Sportwetten Neukundenbonus - Vierklee Sportwetten Info-Seite","og_description":"Kostenlos Wettkonto erstellen und bis zu 50\u20ac Neukundenbonus sichern. Ihr Sportwetten Neukundebonus auf Vierklee wartet auf Sie.","og_url":"https:\/\/vierklee.com\/index.php\/sportwetten-neukundenbonus\/","og_site_name":"Vierklee Sportwetten Info-Seite","article_publisher":"https:\/\/www.facebook.com\/vierklee","article_modified_time":"2025-11-17T15:35:44+00:00","og_image":[{"url":"https:\/\/vierklee.com\/wp-content\/uploads\/2020\/12\/present-307029_250.png","type":"","width":"","height":""}],"twitter_card":"summary_large_image","twitter_site":"@vierkleebet","twitter_misc":{"Gesch\u00e4tzte Lesezeit":"3\u00a0Minuten"},"schema":{"@context":"https:\/\/schema.org","@graph":[{"@type":"WebPage","@id":"https:\/\/vierklee.com\/index.php\/sportwetten-neukundenbonus\/","url":"https:\/\/vierklee.com\/index.php\/sportwetten-neukundenbonus\/","name":"Sportwetten Neukundenbonus - Vierklee Sportwetten Info-Seite","isPartOf":{"@id":"https:\/\/vierklee.com\/#website"},"primaryImageOfPage":{"@id":"https:\/\/vierklee.com\/index.php\/sportwetten-neukundenbonus\/#primaryimage"},"image":{"@id":"https:\/\/vierklee.com\/index.php\/sportwetten-neukundenbonus\/#primaryimage"},"thumbnailUrl":"https:\/\/vierklee.com\/wp-content\/uploads\/2020\/12\/present-307029_250.png","datePublished":"2020-11-25T10:24:02+00:00","dateModified":"2025-11-17T15:35:44+00:00","description":"Kostenlos Wettkonto erstellen und bis zu 50\u20ac Neukundenbonus sichern. Ihr Sportwetten Neukundebonus auf Vierklee wartet auf Sie.","breadcrumb":{"@id":"https:\/\/vierklee.com\/index.php\/sportwetten-neukundenbonus\/#breadcrumb"},"inLanguage":"de","potentialAction":[{"@type":"ReadAction","target":["https:\/\/vierklee.com\/index.php\/sportwetten-neukundenbonus\/"]}]},{"@type":"ImageObject","inLanguage":"de","@id":"https:\/\/vierklee.com\/index.php\/sportwetten-neukundenbonus\/#primaryimage","url":"https:\/\/vierklee.com\/wp-content\/uploads\/2020\/12\/present-307029_250.png","contentUrl":"https:\/\/vierklee.com\/wp-content\/uploads\/2020\/12\/present-307029_250.png","width":250,"height":257,"caption":"Sportwetten Neukundebonus"},{"@type":"BreadcrumbList","@id":"https:\/\/vierklee.com\/index.php\/sportwetten-neukundenbonus\/#breadcrumb","itemListElement":[{"@type":"ListItem","position":1,"name":"Startseite","item":"https:\/\/vierklee.com\/"},{"@type":"ListItem","position":2,"name":"Sportwetten Neukundenbonus"}]},{"@type":"WebSite","@id":"https:\/\/vierklee.com\/#website","url":"https:\/\/vierklee.com\/","name":"Vierklee Sportwetten","description":"Online Wetten oder unsere Wettterminals und Dartautomaten.","publisher":{"@id":"https:\/\/vierklee.com\/#organization"},"alternateName":"Vierklee Online Wetten","potentialAction":[{"@type":"SearchAction","target":{"@type":"EntryPoint","urlTemplate":"https:\/\/vierklee.com\/?s={search_term_string}"},"query-input":{"@type":"PropertyValueSpecification","valueRequired":true,"valueName":"search_term_string"}}],"inLanguage":"de"},{"@type":"Organization","@id":"https:\/\/vierklee.com\/#organization","name":"Vierklee Wettb\u00fcro GmbH","alternateName":"Vierklee","url":"https:\/\/vierklee.com\/","logo":{"@type":"ImageObject","inLanguage":"de","@id":"https:\/\/vierklee.com\/#\/schema\/logo\/image\/","url":"https:\/\/vierklee.com\/wp-content\/uploads\/2020\/12\/vierklee_hintergrund.png","contentUrl":"https:\/\/vierklee.com\/wp-content\/uploads\/2020\/12\/vierklee_hintergrund.png","width":265,"height":80,"caption":"Vierklee Wettb\u00fcro GmbH"},"image":{"@id":"https:\/\/vierklee.com\/#\/schema\/logo\/image\/"},"sameAs":["https:\/\/www.facebook.com\/vierklee","https:\/\/x.com\/vierkleebet","https:\/\/www.instagram.com\/vierkleebet\/","https:\/\/www.tumblr.com\/vierkleebet"]}]}},"_links":{"self":[{"href":"https:\/\/vierklee.com\/index.php\/wp-json\/wp\/v2\/pages\/3825","targetHints":{"allow":["GET"]}}],"collection":[{"href":"https:\/\/vierklee.com\/index.php\/wp-json\/wp\/v2\/pages"}],"about":[{"href":"https:\/\/vierklee.com\/index.php\/wp-json\/wp\/v2\/types\/page"}],"author":[{"embeddable":true,"href":"https:\/\/vierklee.com\/index.php\/wp-json\/wp\/v2\/users\/1"}],"replies":[{"embeddable":true,"href":"https:\/\/vierklee.com\/index.php\/wp-json\/wp\/v2\/comments?post=3825"}],"version-history":[{"count":14,"href":"https:\/\/vierklee.com\/index.php\/wp-json\/wp\/v2\/pages\/3825\/revisions"}],"predecessor-version":[{"id":4201,"href":"https:\/\/vierklee.com\/index.php\/wp-json\/wp\/v2\/pages\/3825\/revisions\/4201"}],"wp:attachment":[{"href":"https:\/\/vierklee.com\/index.php\/wp-json\/wp\/v2\/media?parent=3825"}],"curies":[{"name":"wp","href":"https:\/\/api.w.org\/{rel}","templated":true}]}}