{"id":3978,"date":"2022-05-13T15:37:20","date_gmt":"2022-05-13T15:37:20","guid":{"rendered":"https:\/\/vierklee.com\/?page_id=3978"},"modified":"2025-12-22T13:52:38","modified_gmt":"2025-12-22T13:52:38","slug":"fussball_wetten","status":"publish","type":"page","link":"https:\/\/vierklee.com\/index.php\/wettbonus\/fussball_wetten\/","title":{"rendered":"Fussball Wetten Bonus"},"content":{"rendered":"\n<p>Fu\u00dfball Wetten erfreut sich seit den 90 er Jahren immer gr\u00f6\u00dferer Beliebtheit, daher bieten wir Neukunden einen <a href=\"https:\/\/vierklee-wetten.com\/#af=39300\">Ersteinzahlungs-Bonus<\/a> (Deposit Bonus) auf die erste Einzahlung. Nutzen Sie die Chance, um Ihre Wett-Kasse mit einem 100% Bonus aufzuf\u00fcllen!<\/p>\n\n\n\n<p><br>Bei <a href=\"https:\/\/vierklee-wetten.com\/#af=39300\">Vierklee<\/a> sind Fu\u00dfball Wetten auf z.b. die Championsleague, englische Liga, italienische Liga, spanische Liga oder 2 Liga Live und oder als Pre-Match Wetten m\u00f6glich. Es ist jedem &#8222;sein Fu\u00dfball&#8220;. Jeder findet seine Mannschaften und Bewerbe und kann aus einer gro\u00dfen Auswahl an Wettm\u00f6glichkeiten sein Tipps aussuchen. <\/p>\n\n\n\n<p><br>Wir bieten top Quoten, einen attraktiven <a href=\"https:\/\/vierklee-wetten.com\/#af=39300\">100 % Ersteinzahlungs-Bonus<\/a> (Deposit Bonus) und regelm\u00e4\u00dfige Reload-Boni, Gratis Wetten und andere Bonus-Angebote f\u00fcr regelm\u00e4\u00dfig wettende <a href=\"https:\/\/vierklee.com\/index.php\/vierklee-stammkunden-bonus-program\/\">Stammkunden<\/a>.<\/p>\n\n\n<div class=\"wp-block-image\">\n<figure class=\"aligncenter size-full\"><a href=\"https:\/\/vierklee-wetten.com\/#af=39300\"><img loading=\"lazy\" decoding=\"async\" width=\"350\" height=\"300\" src=\"https:\/\/vierklee.com\/wp-content\/uploads\/2022\/02\/firstdeposit.png\" alt=\"Fussball Wetten Bonus\" class=\"wp-image-3954\" srcset=\"https:\/\/vierklee.com\/wp-content\/uploads\/2022\/02\/firstdeposit.png 350w, https:\/\/vierklee.com\/wp-content\/uploads\/2022\/02\/firstdeposit-300x257.png 300w, https:\/\/vierklee.com\/wp-content\/uploads\/2022\/02\/firstdeposit-230x197.png 230w\" sizes=\"auto, (max-width: 350px) 100vw, 350px\" \/><\/a><figcaption class=\"wp-element-caption\">Ersteinzahlungsbonus f\u00fcr Fu\u00dfball Wetten<\/figcaption><\/figure><\/div>\n\n\n<h3 class=\"wp-block-heading\">Sie k\u00f6nnen zwischen drei Wett Bonus Varianten w\u00e4hlen:<\/h3>\n\n\n\n<p>a) Sie zahlen 25 Euro ein und erhalten 25 Euro Bonus und m\u00fcssen den Bonus anschlie\u00dfend 3 mal umsetzen.<\/p>\n\n\n\n<p>b) Sie zahlen 50 Euro ein und erhalten 50 Euro Bonus und m\u00fcssen den Bonus anschlie\u00dfend 6 mal umsetzen.<\/p>\n\n\n\n<p>c) Sie zahlen 100 Euro ein und erhalten 100 Euro Bonus und m\u00fcssen den Bonus anschlie\u00dfend 12 mal umsetzen.<\/p>\n\n\n\n<p><\/p>\n\n\n<div class=\"wp-block-image\">\n<figure class=\"aligncenter size-full is-resized\"><a href=\"https:\/\/vierklee-wetten.com\/#af=39300\"><img loading=\"lazy\" decoding=\"async\" width=\"265\" height=\"80\" src=\"https:\/\/vierklee.com\/wp-content\/uploads\/2020\/12\/vierklee_hintergrund.png\" alt=\"Vierklee\" class=\"wp-image-3843\" style=\"width:255px;height:77px\" srcset=\"https:\/\/vierklee.com\/wp-content\/uploads\/2020\/12\/vierklee_hintergrund.png 265w, https:\/\/vierklee.com\/wp-content\/uploads\/2020\/12\/vierklee_hintergrund-230x69.png 230w\" sizes=\"auto, (max-width: 265px) 100vw, 265px\" \/><\/a><figcaption class=\"wp-element-caption\">Vierklee Wettb\u00fcro <\/figcaption><\/figure><\/div>\n\n\n<p><\/p>\n\n\n\n<h2 class=\"wp-block-heading\">Die Bonus-Regeln f\u00fcr den Fu\u00dfball Wetten Bonus lauten wie folgt:<\/h2>\n\n\n\n<p>1) Sie erhalten den Deposit Bonus nur auf die erste Einzahlung.<\/p>\n\n\n\n<p>2) Der maximale Bonus-Betrag ist 100 Euro.<\/p>\n\n\n\n<p>3) Der Bonus muss zur Quote von mindestens 1.8 entweder 3 mal, 6 mal oder 12 mal umgesetzt werden. (Es muss ein Tipp mit einer Quote von mindestens 1.8 in der Wette vorhanden sein).<\/p>\n\n\n\n<p>4) Der eingezahlte Betrag muss einmal vollst\u00e4ndig umgesetzt werden.<\/p>\n\n\n\n<p>5) Sie d\u00fcrfen eine Wette auf das gleiche Match\/Spiel abgeben, weitere Tipps z\u00e4hlen nicht zum Bonus-Umsatz.<\/p>\n\n\n\n<p>6) Pro Wohnadresse und oder Haushalt, sowie Ip-Adresse wird nur ein Bonus gew\u00e4hrt. Bei Verdacht auf Missbrauch beh\u00e4lt sich Vierklee das Recht vor, den Bonus und daraus entstandene Gewinne zu stornieren.<\/p>\n\n\n\n<p>7) Wetten die mit Cashout beendet werden z\u00e4hlen nicht zum Bonus-Umsatz.<\/p>\n\n\n\n<p>8) Sie k\u00f6nnen nur eine Variante des Neukunden-Bonus nutzen.<\/p>\n\n\n\n<p>9) Diese Bonus-Aktion ist nicht an ein Datum gebunden und Vierklee beh\u00e4lt sich das Recht vor, diese Aktion jederzeit zu beenden oder Kunden ohne Angabe von Gr\u00fcnden auszuschlie\u00dfen.<\/p>\n\n\n\n<p>Wir w\u00fcnschen euch mit unseren Fu\u00dfball Wetten viel Spa\u00df auf unserer <a href=\"https:\/\/vierklee-wetten.com\/#af=39300\">Wettseite<\/a>.<\/p>\n\n\n<div class=\"wp-block-image\">\n<figure class=\"aligncenter size-full\"><a href=\"https:\/\/vierklee-wetten.com\/#af=39300\"><img loading=\"lazy\" decoding=\"async\" width=\"265\" height=\"80\" src=\"https:\/\/vierklee.com\/wp-content\/uploads\/2020\/12\/vierklee_hintergrund.png\" alt=\"Vierklee\" class=\"wp-image-3843\" srcset=\"https:\/\/vierklee.com\/wp-content\/uploads\/2020\/12\/vierklee_hintergrund.png 265w, https:\/\/vierklee.com\/wp-content\/uploads\/2020\/12\/vierklee_hintergrund-230x69.png 230w\" sizes=\"auto, (max-width: 265px) 100vw, 265px\" \/><\/a><figcaption class=\"wp-element-caption\">Vierklee Wettb\u00fcro<\/figcaption><\/figure><\/div>\n\n\n<p class=\"has-white-color has-text-color\">Jeder hat seinen Fu\u00dfball,  seine Mannschaft  oder in Ihrem Fall besser gesagt &#8222;mein Fu\u00dfball&#8220;. Mit mein Fu\u00dfball k\u00f6nnen Sie sich Ihre Wetten aus unserem reichhaltigem Wettangebot aus Fu\u00dfball aus Deutschland, der 2 Liga oder der spanischen Liga, englischen Liga, italienischen Liga zusammenstellen und Wetten abgeben. <\/p>\n\n\n\n<p class=\"has-white-color has-text-color\">Vierklee bietet inzwischen Fu\u00dfball Wetten seit \u00fcber 40 Jahren an und geh\u00f6rt in der Branche zu den \u00e4ltesten Wettanbietern. Wir sind Ihr verl\u00e4sslicher und seri\u00f6ser Buchmacher, seit 1982, f\u00fcr Sportwetten. <\/p>\n","protected":false},"excerpt":{"rendered":"<p>Fu\u00dfball Wetten erfreut sich seit den 90 er Jahren immer gr\u00f6\u00dferer Beliebtheit, daher bieten wir Neukunden einen Ersteinzahlungs-Bonus (Deposit Bonus) auf die [&hellip;]<\/p>\n","protected":false},"author":1,"featured_media":0,"parent":3927,"menu_order":0,"comment_status":"closed","ping_status":"closed","template":"","meta":{"footnotes":""},"class_list":["post-3978","page","type-page","status-publish","hentry"],"yoast_head":"<!-- This site is optimized with the Yoast SEO plugin v27.3 - https:\/\/yoast.com\/product\/yoast-seo-wordpress\/ -->\n<title>Fussball Wetten Bonus - Vierklee Sportwetten Info-Seite<\/title>\n<meta name=\"description\" content=\"Jetzt kostenlos registrieren &amp; 50\u20ac Wettbonus f\u00fcr Wetten auf die spanische Liga, englische Liga, 2 Liga holen. Jetzt Fu\u00dfball Wetten bei 4Klee!\" \/>\n<meta name=\"robots\" content=\"index, follow, max-snippet:-1, max-image-preview:large, max-video-preview:-1\" \/>\n<link rel=\"canonical\" href=\"https:\/\/vierklee.com\/index.php\/wettbonus\/fussball_wetten\/\" \/>\n<meta property=\"og:locale\" content=\"de_DE\" \/>\n<meta property=\"og:type\" content=\"article\" \/>\n<meta property=\"og:title\" content=\"Fussball Wetten Bonus - Vierklee Sportwetten Info-Seite\" \/>\n<meta property=\"og:description\" content=\"Jetzt kostenlos registrieren &amp; 50\u20ac Wettbonus f\u00fcr Wetten auf die spanische Liga, englische Liga, 2 Liga holen. Jetzt Fu\u00dfball Wetten bei 4Klee!\" \/>\n<meta property=\"og:url\" content=\"https:\/\/vierklee.com\/index.php\/wettbonus\/fussball_wetten\/\" \/>\n<meta property=\"og:site_name\" content=\"Vierklee Sportwetten Info-Seite\" \/>\n<meta property=\"article:publisher\" content=\"https:\/\/www.facebook.com\/vierklee\" \/>\n<meta property=\"article:modified_time\" content=\"2025-12-22T13:52:38+00:00\" \/>\n<meta property=\"og:image\" content=\"https:\/\/vierklee.com\/wp-content\/uploads\/2022\/02\/firstdeposit.png\" \/>\n\t<meta property=\"og:image:width\" content=\"350\" \/>\n\t<meta property=\"og:image:height\" content=\"300\" \/>\n\t<meta property=\"og:image:type\" content=\"image\/png\" \/>\n<meta name=\"twitter:card\" content=\"summary_large_image\" \/>\n<meta name=\"twitter:site\" content=\"@vierkleebet\" \/>\n<meta name=\"twitter:label1\" content=\"Gesch\u00e4tzte Lesezeit\" \/>\n\t<meta name=\"twitter:data1\" content=\"4\u00a0Minuten\" \/>\n<script type=\"application\/ld+json\" class=\"yoast-schema-graph\">{\"@context\":\"https:\\\/\\\/schema.org\",\"@graph\":[{\"@type\":\"WebPage\",\"@id\":\"https:\\\/\\\/vierklee.com\\\/index.php\\\/wettbonus\\\/fussball_wetten\\\/\",\"url\":\"https:\\\/\\\/vierklee.com\\\/index.php\\\/wettbonus\\\/fussball_wetten\\\/\",\"name\":\"Fussball Wetten Bonus - Vierklee Sportwetten Info-Seite\",\"isPartOf\":{\"@id\":\"https:\\\/\\\/vierklee.com\\\/#website\"},\"primaryImageOfPage\":{\"@id\":\"https:\\\/\\\/vierklee.com\\\/index.php\\\/wettbonus\\\/fussball_wetten\\\/#primaryimage\"},\"image\":{\"@id\":\"https:\\\/\\\/vierklee.com\\\/index.php\\\/wettbonus\\\/fussball_wetten\\\/#primaryimage\"},\"thumbnailUrl\":\"https:\\\/\\\/vierklee.com\\\/wp-content\\\/uploads\\\/2022\\\/02\\\/firstdeposit.png\",\"datePublished\":\"2022-05-13T15:37:20+00:00\",\"dateModified\":\"2025-12-22T13:52:38+00:00\",\"description\":\"Jetzt kostenlos registrieren & 50\u20ac Wettbonus f\u00fcr Wetten auf die spanische Liga, englische Liga, 2 Liga holen. Jetzt Fu\u00dfball Wetten bei 4Klee!\",\"breadcrumb\":{\"@id\":\"https:\\\/\\\/vierklee.com\\\/index.php\\\/wettbonus\\\/fussball_wetten\\\/#breadcrumb\"},\"inLanguage\":\"de\",\"potentialAction\":[{\"@type\":\"ReadAction\",\"target\":[\"https:\\\/\\\/vierklee.com\\\/index.php\\\/wettbonus\\\/fussball_wetten\\\/\"]}]},{\"@type\":\"ImageObject\",\"inLanguage\":\"de\",\"@id\":\"https:\\\/\\\/vierklee.com\\\/index.php\\\/wettbonus\\\/fussball_wetten\\\/#primaryimage\",\"url\":\"https:\\\/\\\/vierklee.com\\\/wp-content\\\/uploads\\\/2022\\\/02\\\/firstdeposit.png\",\"contentUrl\":\"https:\\\/\\\/vierklee.com\\\/wp-content\\\/uploads\\\/2022\\\/02\\\/firstdeposit.png\",\"width\":350,\"height\":300,\"caption\":\"Ersteinzahlungsbonus f\u00fcr Fu\u00dfball Wetten\"},{\"@type\":\"BreadcrumbList\",\"@id\":\"https:\\\/\\\/vierklee.com\\\/index.php\\\/wettbonus\\\/fussball_wetten\\\/#breadcrumb\",\"itemListElement\":[{\"@type\":\"ListItem\",\"position\":1,\"name\":\"Startseite\",\"item\":\"https:\\\/\\\/vierklee.com\\\/\"},{\"@type\":\"ListItem\",\"position\":2,\"name\":\"Wettbonus f\u00fcr unsere Wettseite\",\"item\":\"https:\\\/\\\/vierklee.com\\\/index.php\\\/wettbonus\\\/\"},{\"@type\":\"ListItem\",\"position\":3,\"name\":\"Fussball Wetten Bonus\"}]},{\"@type\":\"WebSite\",\"@id\":\"https:\\\/\\\/vierklee.com\\\/#website\",\"url\":\"https:\\\/\\\/vierklee.com\\\/\",\"name\":\"Vierklee Sportwetten\",\"description\":\"Online Wetten oder unsere Wettterminals und Dartautomaten.\",\"publisher\":{\"@id\":\"https:\\\/\\\/vierklee.com\\\/#organization\"},\"alternateName\":\"Vierklee Online Wetten\",\"potentialAction\":[{\"@type\":\"SearchAction\",\"target\":{\"@type\":\"EntryPoint\",\"urlTemplate\":\"https:\\\/\\\/vierklee.com\\\/?s={search_term_string}\"},\"query-input\":{\"@type\":\"PropertyValueSpecification\",\"valueRequired\":true,\"valueName\":\"search_term_string\"}}],\"inLanguage\":\"de\"},{\"@type\":\"Organization\",\"@id\":\"https:\\\/\\\/vierklee.com\\\/#organization\",\"name\":\"Vierklee Wettb\u00fcro GmbH\",\"alternateName\":\"Vierklee\",\"url\":\"https:\\\/\\\/vierklee.com\\\/\",\"logo\":{\"@type\":\"ImageObject\",\"inLanguage\":\"de\",\"@id\":\"https:\\\/\\\/vierklee.com\\\/#\\\/schema\\\/logo\\\/image\\\/\",\"url\":\"https:\\\/\\\/vierklee.com\\\/wp-content\\\/uploads\\\/2020\\\/12\\\/vierklee_hintergrund.png\",\"contentUrl\":\"https:\\\/\\\/vierklee.com\\\/wp-content\\\/uploads\\\/2020\\\/12\\\/vierklee_hintergrund.png\",\"width\":265,\"height\":80,\"caption\":\"Vierklee Wettb\u00fcro GmbH\"},\"image\":{\"@id\":\"https:\\\/\\\/vierklee.com\\\/#\\\/schema\\\/logo\\\/image\\\/\"},\"sameAs\":[\"https:\\\/\\\/www.facebook.com\\\/vierklee\",\"https:\\\/\\\/x.com\\\/vierkleebet\",\"https:\\\/\\\/www.instagram.com\\\/vierkleebet\\\/\",\"https:\\\/\\\/www.tumblr.com\\\/vierkleebet\"]}]}<\/script>\n<!-- \/ Yoast SEO plugin. -->","yoast_head_json":{"title":"Fussball Wetten Bonus - Vierklee Sportwetten Info-Seite","description":"Jetzt kostenlos registrieren & 50\u20ac Wettbonus f\u00fcr Wetten auf die spanische Liga, englische Liga, 2 Liga holen. Jetzt Fu\u00dfball Wetten bei 4Klee!","robots":{"index":"index","follow":"follow","max-snippet":"max-snippet:-1","max-image-preview":"max-image-preview:large","max-video-preview":"max-video-preview:-1"},"canonical":"https:\/\/vierklee.com\/index.php\/wettbonus\/fussball_wetten\/","og_locale":"de_DE","og_type":"article","og_title":"Fussball Wetten Bonus - Vierklee Sportwetten Info-Seite","og_description":"Jetzt kostenlos registrieren & 50\u20ac Wettbonus f\u00fcr Wetten auf die spanische Liga, englische Liga, 2 Liga holen. Jetzt Fu\u00dfball Wetten bei 4Klee!","og_url":"https:\/\/vierklee.com\/index.php\/wettbonus\/fussball_wetten\/","og_site_name":"Vierklee Sportwetten Info-Seite","article_publisher":"https:\/\/www.facebook.com\/vierklee","article_modified_time":"2025-12-22T13:52:38+00:00","og_image":[{"width":350,"height":300,"url":"https:\/\/vierklee.com\/wp-content\/uploads\/2022\/02\/firstdeposit.png","type":"image\/png"}],"twitter_card":"summary_large_image","twitter_site":"@vierkleebet","twitter_misc":{"Gesch\u00e4tzte Lesezeit":"4\u00a0Minuten"},"schema":{"@context":"https:\/\/schema.org","@graph":[{"@type":"WebPage","@id":"https:\/\/vierklee.com\/index.php\/wettbonus\/fussball_wetten\/","url":"https:\/\/vierklee.com\/index.php\/wettbonus\/fussball_wetten\/","name":"Fussball Wetten Bonus - Vierklee Sportwetten Info-Seite","isPartOf":{"@id":"https:\/\/vierklee.com\/#website"},"primaryImageOfPage":{"@id":"https:\/\/vierklee.com\/index.php\/wettbonus\/fussball_wetten\/#primaryimage"},"image":{"@id":"https:\/\/vierklee.com\/index.php\/wettbonus\/fussball_wetten\/#primaryimage"},"thumbnailUrl":"https:\/\/vierklee.com\/wp-content\/uploads\/2022\/02\/firstdeposit.png","datePublished":"2022-05-13T15:37:20+00:00","dateModified":"2025-12-22T13:52:38+00:00","description":"Jetzt kostenlos registrieren & 50\u20ac Wettbonus f\u00fcr Wetten auf die spanische Liga, englische Liga, 2 Liga holen. Jetzt Fu\u00dfball Wetten bei 4Klee!","breadcrumb":{"@id":"https:\/\/vierklee.com\/index.php\/wettbonus\/fussball_wetten\/#breadcrumb"},"inLanguage":"de","potentialAction":[{"@type":"ReadAction","target":["https:\/\/vierklee.com\/index.php\/wettbonus\/fussball_wetten\/"]}]},{"@type":"ImageObject","inLanguage":"de","@id":"https:\/\/vierklee.com\/index.php\/wettbonus\/fussball_wetten\/#primaryimage","url":"https:\/\/vierklee.com\/wp-content\/uploads\/2022\/02\/firstdeposit.png","contentUrl":"https:\/\/vierklee.com\/wp-content\/uploads\/2022\/02\/firstdeposit.png","width":350,"height":300,"caption":"Ersteinzahlungsbonus f\u00fcr Fu\u00dfball Wetten"},{"@type":"BreadcrumbList","@id":"https:\/\/vierklee.com\/index.php\/wettbonus\/fussball_wetten\/#breadcrumb","itemListElement":[{"@type":"ListItem","position":1,"name":"Startseite","item":"https:\/\/vierklee.com\/"},{"@type":"ListItem","position":2,"name":"Wettbonus f\u00fcr unsere Wettseite","item":"https:\/\/vierklee.com\/index.php\/wettbonus\/"},{"@type":"ListItem","position":3,"name":"Fussball Wetten Bonus"}]},{"@type":"WebSite","@id":"https:\/\/vierklee.com\/#website","url":"https:\/\/vierklee.com\/","name":"Vierklee Sportwetten","description":"Online Wetten oder unsere Wettterminals und Dartautomaten.","publisher":{"@id":"https:\/\/vierklee.com\/#organization"},"alternateName":"Vierklee Online Wetten","potentialAction":[{"@type":"SearchAction","target":{"@type":"EntryPoint","urlTemplate":"https:\/\/vierklee.com\/?s={search_term_string}"},"query-input":{"@type":"PropertyValueSpecification","valueRequired":true,"valueName":"search_term_string"}}],"inLanguage":"de"},{"@type":"Organization","@id":"https:\/\/vierklee.com\/#organization","name":"Vierklee Wettb\u00fcro GmbH","alternateName":"Vierklee","url":"https:\/\/vierklee.com\/","logo":{"@type":"ImageObject","inLanguage":"de","@id":"https:\/\/vierklee.com\/#\/schema\/logo\/image\/","url":"https:\/\/vierklee.com\/wp-content\/uploads\/2020\/12\/vierklee_hintergrund.png","contentUrl":"https:\/\/vierklee.com\/wp-content\/uploads\/2020\/12\/vierklee_hintergrund.png","width":265,"height":80,"caption":"Vierklee Wettb\u00fcro GmbH"},"image":{"@id":"https:\/\/vierklee.com\/#\/schema\/logo\/image\/"},"sameAs":["https:\/\/www.facebook.com\/vierklee","https:\/\/x.com\/vierkleebet","https:\/\/www.instagram.com\/vierkleebet\/","https:\/\/www.tumblr.com\/vierkleebet"]}]}},"_links":{"self":[{"href":"https:\/\/vierklee.com\/index.php\/wp-json\/wp\/v2\/pages\/3978","targetHints":{"allow":["GET"]}}],"collection":[{"href":"https:\/\/vierklee.com\/index.php\/wp-json\/wp\/v2\/pages"}],"about":[{"href":"https:\/\/vierklee.com\/index.php\/wp-json\/wp\/v2\/types\/page"}],"author":[{"embeddable":true,"href":"https:\/\/vierklee.com\/index.php\/wp-json\/wp\/v2\/users\/1"}],"replies":[{"embeddable":true,"href":"https:\/\/vierklee.com\/index.php\/wp-json\/wp\/v2\/comments?post=3978"}],"version-history":[{"count":8,"href":"https:\/\/vierklee.com\/index.php\/wp-json\/wp\/v2\/pages\/3978\/revisions"}],"predecessor-version":[{"id":4205,"href":"https:\/\/vierklee.com\/index.php\/wp-json\/wp\/v2\/pages\/3978\/revisions\/4205"}],"up":[{"embeddable":true,"href":"https:\/\/vierklee.com\/index.php\/wp-json\/wp\/v2\/pages\/3927"}],"wp:attachment":[{"href":"https:\/\/vierklee.com\/index.php\/wp-json\/wp\/v2\/media?parent=3978"}],"curies":[{"name":"wp","href":"https:\/\/api.w.org\/{rel}","templated":true}]}}