{"id":4059,"date":"2023-12-06T07:57:21","date_gmt":"2023-12-06T07:57:21","guid":{"rendered":"https:\/\/vierklee.com\/?page_id=4059"},"modified":"2023-12-11T14:53:33","modified_gmt":"2023-12-11T14:53:33","slug":"paysafecard-bonus","status":"publish","type":"page","link":"https:\/\/vierklee.com\/index.php\/paysafecard-bonus\/","title":{"rendered":"Paysafecard Bonus"},"content":{"rendered":"\n<p>Paysafecard ist ein einfaches und unkompliziertes Zahlungssystem, dass bereits von vielen Usern verwendet wird. Um es auch dir auf unserer <a href=\"https:\/\/vierklee-wetten.com\/#af=93221\">Sportwetten-Seite<\/a> n\u00e4herzubringen bieten wir dir einen speziellen Paysafecard Bonus an. <br><\/p>\n\n\n\n<figure class=\"wp-block-image size-large\" id=\"Paysafecard-Bonus\"><img loading=\"lazy\" decoding=\"async\" width=\"1024\" height=\"176\" src=\"https:\/\/vierklee.com\/wp-content\/uploads\/2023\/11\/paysafecard_logo_blue_CMYK-1024x176.png\" alt=\"Einblendung des Paysafecard logos f\u00fcr die Paysafecard Bonus Promotion.\" class=\"wp-image-4060\" title=\"Paysafecard Logo\" srcset=\"https:\/\/vierklee.com\/wp-content\/uploads\/2023\/11\/paysafecard_logo_blue_CMYK-1024x176.png 1024w, https:\/\/vierklee.com\/wp-content\/uploads\/2023\/11\/paysafecard_logo_blue_CMYK-300x51.png 300w, https:\/\/vierklee.com\/wp-content\/uploads\/2023\/11\/paysafecard_logo_blue_CMYK-768x132.png 768w, https:\/\/vierklee.com\/wp-content\/uploads\/2023\/11\/paysafecard_logo_blue_CMYK-1000x172.png 1000w, https:\/\/vierklee.com\/wp-content\/uploads\/2023\/11\/paysafecard_logo_blue_CMYK-230x39.png 230w, https:\/\/vierklee.com\/wp-content\/uploads\/2023\/11\/paysafecard_logo_blue_CMYK-350x60.png 350w, https:\/\/vierklee.com\/wp-content\/uploads\/2023\/11\/paysafecard_logo_blue_CMYK-480x82.png 480w, https:\/\/vierklee.com\/wp-content\/uploads\/2023\/11\/paysafecard_logo_blue_CMYK.png 1043w\" sizes=\"auto, (max-width: 1024px) 100vw, 1024px\" \/><\/figure>\n\n\n\n<p>Nutze dieses exklusive Bonus-Angebot f\u00fcr deine erste Paysafecard Einzahlung auf unserem Service und erhalte auf deine Einzahlung von 30 Euro einen 20 Euro Bonus. Dieses Angebot ist nur f\u00fcr deine erste Einzahlung und ausschlie\u00dflich f\u00fcr Einzahlungen mit Paysafecard g\u00fcltig. <\/p>\n\n\n\n<p>Bitte verwende f\u00fcr die Aktion diesen Link: <a href=\"https:\/\/vierklee-wetten.com\/#af=93221\">Vierklee Sportwetten<\/a> <\/p>\n\n\n\n<h3 class=\"wp-block-heading\"><br>Wie komme ich an den Paysafecard Bonus?<\/h3>\n\n\n\n<ol class=\"wp-block-list\">\n<li>Registriere dich auf unserer Wett-Seite <a href=\"https:\/\/vierklee-wetten.com\/#af=93221\">www.vierklee-wetten.com<\/a> \u00fcber den Link. <\/li>\n\n\n\n<li>T\u00e4tige eine Einzahlung mit Paysafecard \u00fcber 30 Euro. <\/li>\n\n\n\n<li>Komm in den Chat oder schreib uns eine E-Mail, dass du den Paysafecard Bonus m\u00f6chtest. <\/li>\n\n\n\n<li>Wir buchen den Bonus sofort. <\/li>\n\n\n\n<li>Jetzt kann es losgehen mit Sportwetten auf Vierklee. <\/li>\n<\/ol>\n\n\n\n<p><\/p>\n\n\n\n<h5 class=\"wp-block-heading\">Was sind die Bedingungen dieser Promotion? (T&amp;Cs)<\/h5>\n\n\n\n<ul class=\"wp-block-list\">\n<li>Dieser Bonus ist ausschlie\u00dflich f\u00fcr Neukunden g\u00fcltig. <\/li>\n\n\n\n<li>Nur deine erste Einzahlung \u00fcber 30 Euro wird f\u00fcr den Bonus ber\u00fccksichtigt. <\/li>\n\n\n\n<li>Der maximale Bonus pro Person betr\u00e4gt 20 Euro. <\/li>\n\n\n\n<li>Der Bonus muss 3-mal umgesetzt werden mit Tipps zu einer Quote von 1.8 und dies innerhalb von 30 Tagen. <\/li>\n<\/ul>\n\n\n\n<p><\/p>\n\n\n\n<h5 class=\"wp-block-heading\">Weitere Bonus-Angebot und Promotions<\/h5>\n\n\n\n<p>Wenn du unser <a href=\"https:\/\/vierklee.com\/index.php\/vierklee-stammkunden-bonus-program\/\">Sportwetten-Angebot<\/a> regelm\u00e4\u00dfig nutzt, kommst du automatisch in den Genuss unserer Stammkunden-Bonus-Angebote. Das bedeutet f\u00fcr dich regelm\u00e4\u00dfige:<\/p>\n\n\n\n<ul class=\"wp-block-list\">\n<li>Reload-Bonus-Angeboten<\/li>\n\n\n\n<li>Freebets<\/li>\n\n\n\n<li>Gratiswetten-Verlosungen<\/li>\n\n\n\n<li>monatliches Cashback und <\/li>\n\n\n\n<li>Geburtstagsaktionen. <\/li>\n<\/ul>\n\n\n\n<p><br>Es w\u00fcrde uns freuen, wenn wir dich jetzt mit der Bonus-Aktion \u00fcberzeugen konnten eine Einzahlung zu t\u00e4tigen. Werde ein Stammkunde bei Vierklee und nutze viele Vorteile. <\/p>\n\n\n<div class=\"wp-block-image\">\n<figure class=\"aligncenter size-medium\"><img loading=\"lazy\" decoding=\"async\" width=\"300\" height=\"64\" src=\"https:\/\/vierklee.com\/wp-content\/uploads\/2020\/08\/cropped-path35-300x64.png\" alt=\"Dein Vierklee-TEAM\" class=\"wp-image-50\" srcset=\"https:\/\/vierklee.com\/wp-content\/uploads\/2020\/08\/cropped-path35-300x64.png 300w, https:\/\/vierklee.com\/wp-content\/uploads\/2020\/08\/cropped-path35-1024x217.png 1024w, https:\/\/vierklee.com\/wp-content\/uploads\/2020\/08\/cropped-path35-768x163.png 768w, https:\/\/vierklee.com\/wp-content\/uploads\/2020\/08\/cropped-path35-1536x326.png 1536w, https:\/\/vierklee.com\/wp-content\/uploads\/2020\/08\/cropped-path35-2048x434.png 2048w, https:\/\/vierklee.com\/wp-content\/uploads\/2020\/08\/cropped-path35-1200x254.png 1200w, https:\/\/vierklee.com\/wp-content\/uploads\/2020\/08\/cropped-path35-1980x420.png 1980w\" sizes=\"auto, (max-width: 300px) 100vw, 300px\" \/><\/figure><\/div>\n\n\n<p>Das gesamte Vierklee-Team erwartet deine Anmeldung und w\u00fcnscht viel Spa\u00df auf unserer <a href=\"https:\/\/vierklee.com\/index.php\/vierklee-stammkunden-bonus-program\/\">Wettseite<\/a>.<\/p>\n","protected":false},"excerpt":{"rendered":"<p>Paysafecard ist ein einfaches und unkompliziertes Zahlungssystem, dass bereits von vielen Usern verwendet wird. Um es auch dir auf unserer Sportwetten-Seite n\u00e4herzubringen [&hellip;]<\/p>\n","protected":false},"author":1,"featured_media":0,"parent":0,"menu_order":0,"comment_status":"closed","ping_status":"closed","template":"","meta":{"footnotes":""},"class_list":["post-4059","page","type-page","status-publish","hentry"],"yoast_head":"<!-- This site is optimized with the Yoast SEO plugin v27.2 - https:\/\/yoast.com\/product\/yoast-seo-wordpress\/ -->\n<title>Paysafecard Bonus - Vierklee Sportwetten Info-Seite<\/title>\n<meta name=\"description\" content=\"Unsere exklusive Paysafecard Bonus Promotion, mit der Sie 20 Euro Bonus auf die erste Einzahlung bei Vierklee Sportwetten erhalten.\" \/>\n<meta name=\"robots\" content=\"index, follow, max-snippet:-1, max-image-preview:large, max-video-preview:-1\" \/>\n<link rel=\"canonical\" href=\"https:\/\/vierklee.com\/index.php\/paysafecard-bonus\/\" \/>\n<meta property=\"og:locale\" content=\"de_DE\" \/>\n<meta property=\"og:type\" content=\"article\" \/>\n<meta property=\"og:title\" content=\"Paysafecard Bonus - Vierklee Sportwetten Info-Seite\" \/>\n<meta property=\"og:description\" content=\"Unsere exklusive Paysafecard Bonus Promotion, mit der Sie 20 Euro Bonus auf die erste Einzahlung bei Vierklee Sportwetten erhalten.\" \/>\n<meta property=\"og:url\" content=\"https:\/\/vierklee.com\/index.php\/paysafecard-bonus\/\" \/>\n<meta property=\"og:site_name\" content=\"Vierklee Sportwetten Info-Seite\" \/>\n<meta property=\"article:publisher\" content=\"https:\/\/www.facebook.com\/vierklee\" \/>\n<meta property=\"article:modified_time\" content=\"2023-12-11T14:53:33+00:00\" \/>\n<meta property=\"og:image\" content=\"https:\/\/vierklee.com\/wp-content\/uploads\/2023\/11\/paysafecard_logo_blue_CMYK-1024x176.png\" \/>\n<meta name=\"twitter:card\" content=\"summary_large_image\" \/>\n<meta name=\"twitter:site\" content=\"@vierkleebet\" \/>\n<meta name=\"twitter:label1\" content=\"Gesch\u00e4tzte Lesezeit\" \/>\n\t<meta name=\"twitter:data1\" content=\"2\u00a0Minuten\" \/>\n<script type=\"application\/ld+json\" class=\"yoast-schema-graph\">{\"@context\":\"https:\/\/schema.org\",\"@graph\":[{\"@type\":\"WebPage\",\"@id\":\"https:\/\/vierklee.com\/index.php\/paysafecard-bonus\/\",\"url\":\"https:\/\/vierklee.com\/index.php\/paysafecard-bonus\/\",\"name\":\"Paysafecard Bonus - Vierklee Sportwetten Info-Seite\",\"isPartOf\":{\"@id\":\"https:\/\/vierklee.com\/#website\"},\"primaryImageOfPage\":{\"@id\":\"https:\/\/vierklee.com\/index.php\/paysafecard-bonus\/#primaryimage\"},\"image\":{\"@id\":\"https:\/\/vierklee.com\/index.php\/paysafecard-bonus\/#primaryimage\"},\"thumbnailUrl\":\"https:\/\/vierklee.com\/wp-content\/uploads\/2023\/11\/paysafecard_logo_blue_CMYK-1024x176.png\",\"datePublished\":\"2023-12-06T07:57:21+00:00\",\"dateModified\":\"2023-12-11T14:53:33+00:00\",\"description\":\"Unsere exklusive Paysafecard Bonus Promotion, mit der Sie 20 Euro Bonus auf die erste Einzahlung bei Vierklee Sportwetten erhalten.\",\"breadcrumb\":{\"@id\":\"https:\/\/vierklee.com\/index.php\/paysafecard-bonus\/#breadcrumb\"},\"inLanguage\":\"de\",\"potentialAction\":[{\"@type\":\"ReadAction\",\"target\":[\"https:\/\/vierklee.com\/index.php\/paysafecard-bonus\/\"]}]},{\"@type\":\"ImageObject\",\"inLanguage\":\"de\",\"@id\":\"https:\/\/vierklee.com\/index.php\/paysafecard-bonus\/#primaryimage\",\"url\":\"https:\/\/vierklee.com\/wp-content\/uploads\/2023\/11\/paysafecard_logo_blue_CMYK.png\",\"contentUrl\":\"https:\/\/vierklee.com\/wp-content\/uploads\/2023\/11\/paysafecard_logo_blue_CMYK.png\",\"width\":1043,\"height\":179,\"caption\":\"Paysafecard Bonus\"},{\"@type\":\"BreadcrumbList\",\"@id\":\"https:\/\/vierklee.com\/index.php\/paysafecard-bonus\/#breadcrumb\",\"itemListElement\":[{\"@type\":\"ListItem\",\"position\":1,\"name\":\"Startseite\",\"item\":\"https:\/\/vierklee.com\/\"},{\"@type\":\"ListItem\",\"position\":2,\"name\":\"Paysafecard Bonus\"}]},{\"@type\":\"WebSite\",\"@id\":\"https:\/\/vierklee.com\/#website\",\"url\":\"https:\/\/vierklee.com\/\",\"name\":\"Vierklee Sportwetten\",\"description\":\"Online Wetten oder unsere Wettterminals und Dartautomaten.\",\"publisher\":{\"@id\":\"https:\/\/vierklee.com\/#organization\"},\"alternateName\":\"Vierklee Online Wetten\",\"potentialAction\":[{\"@type\":\"SearchAction\",\"target\":{\"@type\":\"EntryPoint\",\"urlTemplate\":\"https:\/\/vierklee.com\/?s={search_term_string}\"},\"query-input\":{\"@type\":\"PropertyValueSpecification\",\"valueRequired\":true,\"valueName\":\"search_term_string\"}}],\"inLanguage\":\"de\"},{\"@type\":\"Organization\",\"@id\":\"https:\/\/vierklee.com\/#organization\",\"name\":\"Vierklee Wettb\u00fcro GmbH\",\"alternateName\":\"Vierklee\",\"url\":\"https:\/\/vierklee.com\/\",\"logo\":{\"@type\":\"ImageObject\",\"inLanguage\":\"de\",\"@id\":\"https:\/\/vierklee.com\/#\/schema\/logo\/image\/\",\"url\":\"https:\/\/vierklee.com\/wp-content\/uploads\/2020\/12\/vierklee_hintergrund.png\",\"contentUrl\":\"https:\/\/vierklee.com\/wp-content\/uploads\/2020\/12\/vierklee_hintergrund.png\",\"width\":265,\"height\":80,\"caption\":\"Vierklee Wettb\u00fcro GmbH\"},\"image\":{\"@id\":\"https:\/\/vierklee.com\/#\/schema\/logo\/image\/\"},\"sameAs\":[\"https:\/\/www.facebook.com\/vierklee\",\"https:\/\/x.com\/vierkleebet\",\"https:\/\/www.instagram.com\/vierkleebet\/\",\"https:\/\/www.tumblr.com\/vierkleebet\"]}]}<\/script>\n<!-- \/ Yoast SEO plugin. -->","yoast_head_json":{"title":"Paysafecard Bonus - Vierklee Sportwetten Info-Seite","description":"Unsere exklusive Paysafecard Bonus Promotion, mit der Sie 20 Euro Bonus auf die erste Einzahlung bei Vierklee Sportwetten erhalten.","robots":{"index":"index","follow":"follow","max-snippet":"max-snippet:-1","max-image-preview":"max-image-preview:large","max-video-preview":"max-video-preview:-1"},"canonical":"https:\/\/vierklee.com\/index.php\/paysafecard-bonus\/","og_locale":"de_DE","og_type":"article","og_title":"Paysafecard Bonus - Vierklee Sportwetten Info-Seite","og_description":"Unsere exklusive Paysafecard Bonus Promotion, mit der Sie 20 Euro Bonus auf die erste Einzahlung bei Vierklee Sportwetten erhalten.","og_url":"https:\/\/vierklee.com\/index.php\/paysafecard-bonus\/","og_site_name":"Vierklee Sportwetten Info-Seite","article_publisher":"https:\/\/www.facebook.com\/vierklee","article_modified_time":"2023-12-11T14:53:33+00:00","og_image":[{"url":"https:\/\/vierklee.com\/wp-content\/uploads\/2023\/11\/paysafecard_logo_blue_CMYK-1024x176.png","type":"","width":"","height":""}],"twitter_card":"summary_large_image","twitter_site":"@vierkleebet","twitter_misc":{"Gesch\u00e4tzte Lesezeit":"2\u00a0Minuten"},"schema":{"@context":"https:\/\/schema.org","@graph":[{"@type":"WebPage","@id":"https:\/\/vierklee.com\/index.php\/paysafecard-bonus\/","url":"https:\/\/vierklee.com\/index.php\/paysafecard-bonus\/","name":"Paysafecard Bonus - Vierklee Sportwetten Info-Seite","isPartOf":{"@id":"https:\/\/vierklee.com\/#website"},"primaryImageOfPage":{"@id":"https:\/\/vierklee.com\/index.php\/paysafecard-bonus\/#primaryimage"},"image":{"@id":"https:\/\/vierklee.com\/index.php\/paysafecard-bonus\/#primaryimage"},"thumbnailUrl":"https:\/\/vierklee.com\/wp-content\/uploads\/2023\/11\/paysafecard_logo_blue_CMYK-1024x176.png","datePublished":"2023-12-06T07:57:21+00:00","dateModified":"2023-12-11T14:53:33+00:00","description":"Unsere exklusive Paysafecard Bonus Promotion, mit der Sie 20 Euro Bonus auf die erste Einzahlung bei Vierklee Sportwetten erhalten.","breadcrumb":{"@id":"https:\/\/vierklee.com\/index.php\/paysafecard-bonus\/#breadcrumb"},"inLanguage":"de","potentialAction":[{"@type":"ReadAction","target":["https:\/\/vierklee.com\/index.php\/paysafecard-bonus\/"]}]},{"@type":"ImageObject","inLanguage":"de","@id":"https:\/\/vierklee.com\/index.php\/paysafecard-bonus\/#primaryimage","url":"https:\/\/vierklee.com\/wp-content\/uploads\/2023\/11\/paysafecard_logo_blue_CMYK.png","contentUrl":"https:\/\/vierklee.com\/wp-content\/uploads\/2023\/11\/paysafecard_logo_blue_CMYK.png","width":1043,"height":179,"caption":"Paysafecard Bonus"},{"@type":"BreadcrumbList","@id":"https:\/\/vierklee.com\/index.php\/paysafecard-bonus\/#breadcrumb","itemListElement":[{"@type":"ListItem","position":1,"name":"Startseite","item":"https:\/\/vierklee.com\/"},{"@type":"ListItem","position":2,"name":"Paysafecard Bonus"}]},{"@type":"WebSite","@id":"https:\/\/vierklee.com\/#website","url":"https:\/\/vierklee.com\/","name":"Vierklee Sportwetten","description":"Online Wetten oder unsere Wettterminals und Dartautomaten.","publisher":{"@id":"https:\/\/vierklee.com\/#organization"},"alternateName":"Vierklee Online Wetten","potentialAction":[{"@type":"SearchAction","target":{"@type":"EntryPoint","urlTemplate":"https:\/\/vierklee.com\/?s={search_term_string}"},"query-input":{"@type":"PropertyValueSpecification","valueRequired":true,"valueName":"search_term_string"}}],"inLanguage":"de"},{"@type":"Organization","@id":"https:\/\/vierklee.com\/#organization","name":"Vierklee Wettb\u00fcro GmbH","alternateName":"Vierklee","url":"https:\/\/vierklee.com\/","logo":{"@type":"ImageObject","inLanguage":"de","@id":"https:\/\/vierklee.com\/#\/schema\/logo\/image\/","url":"https:\/\/vierklee.com\/wp-content\/uploads\/2020\/12\/vierklee_hintergrund.png","contentUrl":"https:\/\/vierklee.com\/wp-content\/uploads\/2020\/12\/vierklee_hintergrund.png","width":265,"height":80,"caption":"Vierklee Wettb\u00fcro GmbH"},"image":{"@id":"https:\/\/vierklee.com\/#\/schema\/logo\/image\/"},"sameAs":["https:\/\/www.facebook.com\/vierklee","https:\/\/x.com\/vierkleebet","https:\/\/www.instagram.com\/vierkleebet\/","https:\/\/www.tumblr.com\/vierkleebet"]}]}},"_links":{"self":[{"href":"https:\/\/vierklee.com\/index.php\/wp-json\/wp\/v2\/pages\/4059","targetHints":{"allow":["GET"]}}],"collection":[{"href":"https:\/\/vierklee.com\/index.php\/wp-json\/wp\/v2\/pages"}],"about":[{"href":"https:\/\/vierklee.com\/index.php\/wp-json\/wp\/v2\/types\/page"}],"author":[{"embeddable":true,"href":"https:\/\/vierklee.com\/index.php\/wp-json\/wp\/v2\/users\/1"}],"replies":[{"embeddable":true,"href":"https:\/\/vierklee.com\/index.php\/wp-json\/wp\/v2\/comments?post=4059"}],"version-history":[{"count":8,"href":"https:\/\/vierklee.com\/index.php\/wp-json\/wp\/v2\/pages\/4059\/revisions"}],"predecessor-version":[{"id":4072,"href":"https:\/\/vierklee.com\/index.php\/wp-json\/wp\/v2\/pages\/4059\/revisions\/4072"}],"wp:attachment":[{"href":"https:\/\/vierklee.com\/index.php\/wp-json\/wp\/v2\/media?parent=4059"}],"curies":[{"name":"wp","href":"https:\/\/api.w.org\/{rel}","templated":true}]}}