{"id":4075,"date":"2024-03-12T10:28:41","date_gmt":"2024-03-12T10:28:41","guid":{"rendered":"https:\/\/vierklee.com\/?page_id=4075"},"modified":"2024-10-11T12:16:25","modified_gmt":"2024-10-11T12:16:25","slug":"vierklee-sportwetten-app","status":"publish","type":"page","link":"https:\/\/vierklee.com\/index.php\/vierklee-sportwetten-app\/","title":{"rendered":"Vierklee Sportwetten App"},"content":{"rendered":"\n<p>Die Vierklee Sportwetten App erm\u00f6glicht es euch, jederzeit und \u00fcberall auf Sportereignisse zu Wetten. Bei Vierklee seit Ihr genau richtig, wir arbeiten bereits seit 1982. Jetzt kostenlos und unkompliziert mit wenigen Klicks die Vierklee Sportwetten App auf Android, Huawei oder Apple Ger\u00e4ten installieren. Steigere die Spannung an Sport-Ereignissen mit einer Wette auf dein Team und erfreue Dich an Gewinnen.<\/p>\n\n\n<div class=\"wp-block-image\">\n<figure class=\"aligncenter size-medium\"><img loading=\"lazy\" decoding=\"async\" width=\"300\" height=\"179\" src=\"https:\/\/vierklee.com\/wp-content\/uploads\/2024\/03\/smartphone_image_soccer_field-300x179.jpg\" alt=\"Smartphone - Fu\u00dfballfeld\" class=\"wp-image-4082\" title=\"Symbolbild f\u00fcr Sportwetten am Smartphone\" srcset=\"https:\/\/vierklee.com\/wp-content\/uploads\/2024\/03\/smartphone_image_soccer_field-300x179.jpg 300w, https:\/\/vierklee.com\/wp-content\/uploads\/2024\/03\/smartphone_image_soccer_field-230x137.jpg 230w, https:\/\/vierklee.com\/wp-content\/uploads\/2024\/03\/smartphone_image_soccer_field-350x209.jpg 350w, https:\/\/vierklee.com\/wp-content\/uploads\/2024\/03\/smartphone_image_soccer_field-480x287.jpg 480w, https:\/\/vierklee.com\/wp-content\/uploads\/2024\/03\/smartphone_image_soccer_field.jpg 509w\" sizes=\"auto, (max-width: 300px) 100vw, 300px\" \/><\/figure><\/div>\n\n\n<h3 class=\"wp-block-heading\">Wie komme ich zur Vierklee Sportwetten App?<\/h3>\n\n\n\n<ol class=\"wp-block-list\">\n<li>Wenn du diese Webseite mit deinem Smartphone besuchst, dann folge zu Schritt 2, ansonsten \u00f6ffne diese Webseite mit deinem Smartphone. <\/li>\n\n\n\n<li>Klicke auf das <a href=\"https:\/\/play.google.com\/store\/apps\/details?id=com.vierklee.sportwetten\">Google Play Store<\/a>, <a href=\"https:\/\/play.google.com\/store\/apps\/details?id=com.vierklee.sportwetten\">Apple St<\/a><a href=\"https:\/\/apps.apple.com\/at\/app\/vierklee-wetten\/id6498891514?platform=iphone\">ore<\/a> oder Huawei Store Logo, je nach deinem Endger\u00e4t.<\/li>\n\n\n\n<li>Folge den Installationsanweisungen f\u00fcr die Vierklee App.<\/li>\n<\/ol>\n\n\n\n<p>Alternativ kannst du im jeweiligen App Store auch direkt nach der Vierklee Sportwetten App suchen und diese herunterladen oder die <a href=\"https:\/\/vierklee.com\/wp-content\/uploads\/2024\/10\/Vierklee-Wetten.apk\">unsiginierte APP hier runterladen.<\/a><\/p>\n\n\n\n<div class=\"wp-block-columns is-layout-flex wp-container-core-columns-is-layout-9d6595d7 wp-block-columns-is-layout-flex\">\n<div class=\"wp-block-column is-layout-flow wp-block-column-is-layout-flow\" style=\"flex-basis:33.34%\">\n<figure class=\"wp-block-image size-medium is-style-default\"><a href=\"https:\/\/appgallery.huawei.com\/app\/C109734025\"><img loading=\"lazy\" decoding=\"async\" width=\"300\" height=\"89\" src=\"https:\/\/vierklee.com\/wp-content\/uploads\/2024\/03\/huaweii_app_store-300x89.jpg\" alt=\"Huawei App Store\" class=\"wp-image-4078\" title=\"Logo f\u00fcr den Huawei Play Store\" srcset=\"https:\/\/vierklee.com\/wp-content\/uploads\/2024\/03\/huaweii_app_store-300x89.jpg 300w, https:\/\/vierklee.com\/wp-content\/uploads\/2024\/03\/huaweii_app_store-230x69.jpg 230w, https:\/\/vierklee.com\/wp-content\/uploads\/2024\/03\/huaweii_app_store-350x104.jpg 350w, https:\/\/vierklee.com\/wp-content\/uploads\/2024\/03\/huaweii_app_store-480x143.jpg 480w, https:\/\/vierklee.com\/wp-content\/uploads\/2024\/03\/huaweii_app_store.jpg 564w\" sizes=\"auto, (max-width: 300px) 100vw, 300px\" \/><\/a><\/figure>\n<\/div>\n\n\n\n<div class=\"wp-block-column is-layout-flow wp-block-column-is-layout-flow\" style=\"flex-basis:33.34%\">\n<figure class=\"wp-block-image size-medium\"><a href=\"https:\/\/apps.apple.com\/at\/app\/vierklee-wetten\/id6498891514?platform=iphone\"><img loading=\"lazy\" decoding=\"async\" width=\"300\" height=\"90\" src=\"https:\/\/vierklee.com\/wp-content\/uploads\/2024\/03\/apple_app_store-300x90.jpg\" alt=\"Apple App Store\" class=\"wp-image-4079\" title=\"Logo f\u00fcr den Apple Play Store\" srcset=\"https:\/\/vierklee.com\/wp-content\/uploads\/2024\/03\/apple_app_store-300x90.jpg 300w, https:\/\/vierklee.com\/wp-content\/uploads\/2024\/03\/apple_app_store-230x69.jpg 230w, https:\/\/vierklee.com\/wp-content\/uploads\/2024\/03\/apple_app_store-350x105.jpg 350w, https:\/\/vierklee.com\/wp-content\/uploads\/2024\/03\/apple_app_store-480x144.jpg 480w, https:\/\/vierklee.com\/wp-content\/uploads\/2024\/03\/apple_app_store.jpg 563w\" sizes=\"auto, (max-width: 300px) 100vw, 300px\" \/><\/a><\/figure>\n<\/div>\n\n\n\n<div class=\"wp-block-column is-layout-flow wp-block-column-is-layout-flow\" style=\"flex-basis:33.33%\">\n<figure class=\"wp-block-image size-medium\"><a href=\"https:\/\/play.google.com\/store\/apps\/details?id=com.vierklee.sportwetten\"><img loading=\"lazy\" decoding=\"async\" width=\"300\" height=\"89\" src=\"https:\/\/vierklee.com\/wp-content\/uploads\/2024\/03\/google_app_store-300x89.jpg\" alt=\"Google Play Store\" class=\"wp-image-4080\" title=\"Logo f\u00fcr den Google Play Store\" srcset=\"https:\/\/vierklee.com\/wp-content\/uploads\/2024\/03\/google_app_store-300x89.jpg 300w, https:\/\/vierklee.com\/wp-content\/uploads\/2024\/03\/google_app_store-230x69.jpg 230w, https:\/\/vierklee.com\/wp-content\/uploads\/2024\/03\/google_app_store-350x104.jpg 350w, https:\/\/vierklee.com\/wp-content\/uploads\/2024\/03\/google_app_store-480x143.jpg 480w, https:\/\/vierklee.com\/wp-content\/uploads\/2024\/03\/google_app_store.jpg 564w\" sizes=\"auto, (max-width: 300px) 100vw, 300px\" \/><\/a><\/figure>\n<\/div>\n<\/div>\n\n\n\n<p>Wettangebot in der Vierklee App<br>Sportwetten auf s\u00e4mtliche Top Ligen, wie Champions League, Bundesliga, Premier League, Serie A, La Ligue oder der Primera Division mit Top-Quoten und Live-Wetten.<br>Weitere Sportarten wie Tennis, Eishockey, Basketball, US-Sports werden angeboten, genauso wie viel Quoten auf Events wie Darts, Volleyball, Badminton, Tischtennis, Boxen, MMA, Baseball, Snooker oder Handball.<\/p>\n\n\n\n<p>Cashout Funktion<br>Mit unserer Cashout Funktion, k\u00f6nnen Sie bestimmen, wann Sie Ihre Wette gewinnen.<br>Fr\u00fchzeitig eine Wette, vor Spielende beenden und Gewinne erhalten.<\/p>\n\n\n\n<p>Die Funktionen unserer App:<\/p>\n\n\n\n<ul class=\"wp-block-list\">\n<li>Verschiedene Sprachen verf\u00fcgbar.<\/li>\n\n\n\n<li>Individuelle Zeitzonen ausw\u00e4hlbar.<\/li>\n\n\n\n<li>Live-Wetten und Pre-Match-Wetten f\u00fcr Sportwetten.<\/li>\n\n\n\n<li>Ticket- und Transaktionshistory zum verfolgen des Verlaufes.<\/li>\n\n\n\n<li>Stammkunden-Programm f\u00fcr aktive User.<\/li>\n\n\n\n<li>Online Einzahlungs-M\u00f6glichkeiten.<\/li>\n\n\n\n<li>Cashout Funktion f\u00fcr vorzeitige Gewinneinl\u00f6sung.<\/li>\n\n\n\n<li>Statistiken f\u00fcr s\u00e4mtliche Sportarten.<\/li>\n\n\n\n<li>Chat Support f\u00fcr Kundenanfragen.<\/li>\n<\/ul>\n\n\n\n<p><strong>50 Euro Neukundenbonus und Vierklee Angebote<\/strong><br>Kostenlos ein Wettkonto registrieren und mit bis zu 50 Euro <a href=\"https:\/\/vierklee.com\/index.php\/sportwetten-neukundenbonus\/\">Neukunden-Bonus<\/a> starten.<br>Auf Stammkunden wartet das Vierklee <a href=\"https:\/\/vierklee.com\/index.php\/sportwetten-neukundenbonus\/\">Stammkunden-Programm<\/a>, mit regelm\u00e4\u00dfigen Reload-Boni, w\u00f6chentlichen Bonus-Verlosungen, Freebet-Angeboten, unser Cashback-Angebot sowie Geburtstagsaktionen.<\/p>\n\n\n\n<p>Jetzt kostenlos die Vierklee Sportwetten App herunterladen und durchstarten bei Vierklee!<\/p>\n","protected":false},"excerpt":{"rendered":"<p>Die Vierklee Sportwetten App erm\u00f6glicht es euch, jederzeit und \u00fcberall auf Sportereignisse zu Wetten. Bei Vierklee seit Ihr genau richtig, wir arbeiten [&hellip;]<\/p>\n","protected":false},"author":1,"featured_media":0,"parent":0,"menu_order":0,"comment_status":"closed","ping_status":"closed","template":"","meta":{"footnotes":""},"class_list":["post-4075","page","type-page","status-publish","hentry"],"yoast_head":"<!-- This site is optimized with the Yoast SEO plugin v27.3 - https:\/\/yoast.com\/product\/yoast-seo-wordpress\/ -->\n<title>Vierklee Sportwetten App - Vierklee Sportwetten Info-Seite<\/title>\n<meta name=\"description\" content=\"Mit der Vierklee Sportwetten App \u00fcberall und jederzeit Online Sportwetten t\u00e4tigen. Kostenlos die Vierklee App herunterladen und los geht es.\" \/>\n<meta name=\"robots\" content=\"index, follow, max-snippet:-1, max-image-preview:large, max-video-preview:-1\" \/>\n<link rel=\"canonical\" href=\"https:\/\/vierklee.com\/index.php\/vierklee-sportwetten-app\/\" \/>\n<meta property=\"og:locale\" content=\"de_DE\" \/>\n<meta property=\"og:type\" content=\"article\" \/>\n<meta property=\"og:title\" content=\"Vierklee Sportwetten App - Vierklee Sportwetten Info-Seite\" \/>\n<meta property=\"og:description\" content=\"Mit der Vierklee Sportwetten App \u00fcberall und jederzeit Online Sportwetten t\u00e4tigen. Kostenlos die Vierklee App herunterladen und los geht es.\" \/>\n<meta property=\"og:url\" content=\"https:\/\/vierklee.com\/index.php\/vierklee-sportwetten-app\/\" \/>\n<meta property=\"og:site_name\" content=\"Vierklee Sportwetten Info-Seite\" \/>\n<meta property=\"article:publisher\" content=\"https:\/\/www.facebook.com\/vierklee\" \/>\n<meta property=\"article:modified_time\" content=\"2024-10-11T12:16:25+00:00\" \/>\n<meta property=\"og:image\" content=\"https:\/\/vierklee.com\/wp-content\/uploads\/2024\/03\/smartphone_image_soccer_field-300x179.jpg\" \/>\n<meta name=\"twitter:card\" content=\"summary_large_image\" \/>\n<meta name=\"twitter:site\" content=\"@vierkleebet\" \/>\n<meta name=\"twitter:label1\" content=\"Gesch\u00e4tzte Lesezeit\" \/>\n\t<meta name=\"twitter:data1\" content=\"3\u00a0Minuten\" \/>\n<script type=\"application\/ld+json\" class=\"yoast-schema-graph\">{\"@context\":\"https:\\\/\\\/schema.org\",\"@graph\":[{\"@type\":\"WebPage\",\"@id\":\"https:\\\/\\\/vierklee.com\\\/index.php\\\/vierklee-sportwetten-app\\\/\",\"url\":\"https:\\\/\\\/vierklee.com\\\/index.php\\\/vierklee-sportwetten-app\\\/\",\"name\":\"Vierklee Sportwetten App - Vierklee Sportwetten Info-Seite\",\"isPartOf\":{\"@id\":\"https:\\\/\\\/vierklee.com\\\/#website\"},\"primaryImageOfPage\":{\"@id\":\"https:\\\/\\\/vierklee.com\\\/index.php\\\/vierklee-sportwetten-app\\\/#primaryimage\"},\"image\":{\"@id\":\"https:\\\/\\\/vierklee.com\\\/index.php\\\/vierklee-sportwetten-app\\\/#primaryimage\"},\"thumbnailUrl\":\"https:\\\/\\\/vierklee.com\\\/wp-content\\\/uploads\\\/2024\\\/03\\\/smartphone_image_soccer_field-300x179.jpg\",\"datePublished\":\"2024-03-12T10:28:41+00:00\",\"dateModified\":\"2024-10-11T12:16:25+00:00\",\"description\":\"Mit der Vierklee Sportwetten App \u00fcberall und jederzeit Online Sportwetten t\u00e4tigen. Kostenlos die Vierklee App herunterladen und los geht es.\",\"breadcrumb\":{\"@id\":\"https:\\\/\\\/vierklee.com\\\/index.php\\\/vierklee-sportwetten-app\\\/#breadcrumb\"},\"inLanguage\":\"de\",\"potentialAction\":[{\"@type\":\"ReadAction\",\"target\":[\"https:\\\/\\\/vierklee.com\\\/index.php\\\/vierklee-sportwetten-app\\\/\"]}]},{\"@type\":\"ImageObject\",\"inLanguage\":\"de\",\"@id\":\"https:\\\/\\\/vierklee.com\\\/index.php\\\/vierklee-sportwetten-app\\\/#primaryimage\",\"url\":\"https:\\\/\\\/vierklee.com\\\/wp-content\\\/uploads\\\/2024\\\/03\\\/smartphone_image_soccer_field.jpg\",\"contentUrl\":\"https:\\\/\\\/vierklee.com\\\/wp-content\\\/uploads\\\/2024\\\/03\\\/smartphone_image_soccer_field.jpg\",\"width\":509,\"height\":304},{\"@type\":\"BreadcrumbList\",\"@id\":\"https:\\\/\\\/vierklee.com\\\/index.php\\\/vierklee-sportwetten-app\\\/#breadcrumb\",\"itemListElement\":[{\"@type\":\"ListItem\",\"position\":1,\"name\":\"Startseite\",\"item\":\"https:\\\/\\\/vierklee.com\\\/\"},{\"@type\":\"ListItem\",\"position\":2,\"name\":\"Vierklee Sportwetten App\"}]},{\"@type\":\"WebSite\",\"@id\":\"https:\\\/\\\/vierklee.com\\\/#website\",\"url\":\"https:\\\/\\\/vierklee.com\\\/\",\"name\":\"Vierklee Sportwetten\",\"description\":\"Online Wetten oder unsere Wettterminals und Dartautomaten.\",\"publisher\":{\"@id\":\"https:\\\/\\\/vierklee.com\\\/#organization\"},\"alternateName\":\"Vierklee Online Wetten\",\"potentialAction\":[{\"@type\":\"SearchAction\",\"target\":{\"@type\":\"EntryPoint\",\"urlTemplate\":\"https:\\\/\\\/vierklee.com\\\/?s={search_term_string}\"},\"query-input\":{\"@type\":\"PropertyValueSpecification\",\"valueRequired\":true,\"valueName\":\"search_term_string\"}}],\"inLanguage\":\"de\"},{\"@type\":\"Organization\",\"@id\":\"https:\\\/\\\/vierklee.com\\\/#organization\",\"name\":\"Vierklee Wettb\u00fcro GmbH\",\"alternateName\":\"Vierklee\",\"url\":\"https:\\\/\\\/vierklee.com\\\/\",\"logo\":{\"@type\":\"ImageObject\",\"inLanguage\":\"de\",\"@id\":\"https:\\\/\\\/vierklee.com\\\/#\\\/schema\\\/logo\\\/image\\\/\",\"url\":\"https:\\\/\\\/vierklee.com\\\/wp-content\\\/uploads\\\/2020\\\/12\\\/vierklee_hintergrund.png\",\"contentUrl\":\"https:\\\/\\\/vierklee.com\\\/wp-content\\\/uploads\\\/2020\\\/12\\\/vierklee_hintergrund.png\",\"width\":265,\"height\":80,\"caption\":\"Vierklee Wettb\u00fcro GmbH\"},\"image\":{\"@id\":\"https:\\\/\\\/vierklee.com\\\/#\\\/schema\\\/logo\\\/image\\\/\"},\"sameAs\":[\"https:\\\/\\\/www.facebook.com\\\/vierklee\",\"https:\\\/\\\/x.com\\\/vierkleebet\",\"https:\\\/\\\/www.instagram.com\\\/vierkleebet\\\/\",\"https:\\\/\\\/www.tumblr.com\\\/vierkleebet\"]}]}<\/script>\n<!-- \/ Yoast SEO plugin. -->","yoast_head_json":{"title":"Vierklee Sportwetten App - Vierklee Sportwetten Info-Seite","description":"Mit der Vierklee Sportwetten App \u00fcberall und jederzeit Online Sportwetten t\u00e4tigen. Kostenlos die Vierklee App herunterladen und los geht es.","robots":{"index":"index","follow":"follow","max-snippet":"max-snippet:-1","max-image-preview":"max-image-preview:large","max-video-preview":"max-video-preview:-1"},"canonical":"https:\/\/vierklee.com\/index.php\/vierklee-sportwetten-app\/","og_locale":"de_DE","og_type":"article","og_title":"Vierklee Sportwetten App - Vierklee Sportwetten Info-Seite","og_description":"Mit der Vierklee Sportwetten App \u00fcberall und jederzeit Online Sportwetten t\u00e4tigen. Kostenlos die Vierklee App herunterladen und los geht es.","og_url":"https:\/\/vierklee.com\/index.php\/vierklee-sportwetten-app\/","og_site_name":"Vierklee Sportwetten Info-Seite","article_publisher":"https:\/\/www.facebook.com\/vierklee","article_modified_time":"2024-10-11T12:16:25+00:00","og_image":[{"url":"https:\/\/vierklee.com\/wp-content\/uploads\/2024\/03\/smartphone_image_soccer_field-300x179.jpg","type":"","width":"","height":""}],"twitter_card":"summary_large_image","twitter_site":"@vierkleebet","twitter_misc":{"Gesch\u00e4tzte Lesezeit":"3\u00a0Minuten"},"schema":{"@context":"https:\/\/schema.org","@graph":[{"@type":"WebPage","@id":"https:\/\/vierklee.com\/index.php\/vierklee-sportwetten-app\/","url":"https:\/\/vierklee.com\/index.php\/vierklee-sportwetten-app\/","name":"Vierklee Sportwetten App - Vierklee Sportwetten Info-Seite","isPartOf":{"@id":"https:\/\/vierklee.com\/#website"},"primaryImageOfPage":{"@id":"https:\/\/vierklee.com\/index.php\/vierklee-sportwetten-app\/#primaryimage"},"image":{"@id":"https:\/\/vierklee.com\/index.php\/vierklee-sportwetten-app\/#primaryimage"},"thumbnailUrl":"https:\/\/vierklee.com\/wp-content\/uploads\/2024\/03\/smartphone_image_soccer_field-300x179.jpg","datePublished":"2024-03-12T10:28:41+00:00","dateModified":"2024-10-11T12:16:25+00:00","description":"Mit der Vierklee Sportwetten App \u00fcberall und jederzeit Online Sportwetten t\u00e4tigen. Kostenlos die Vierklee App herunterladen und los geht es.","breadcrumb":{"@id":"https:\/\/vierklee.com\/index.php\/vierklee-sportwetten-app\/#breadcrumb"},"inLanguage":"de","potentialAction":[{"@type":"ReadAction","target":["https:\/\/vierklee.com\/index.php\/vierklee-sportwetten-app\/"]}]},{"@type":"ImageObject","inLanguage":"de","@id":"https:\/\/vierklee.com\/index.php\/vierklee-sportwetten-app\/#primaryimage","url":"https:\/\/vierklee.com\/wp-content\/uploads\/2024\/03\/smartphone_image_soccer_field.jpg","contentUrl":"https:\/\/vierklee.com\/wp-content\/uploads\/2024\/03\/smartphone_image_soccer_field.jpg","width":509,"height":304},{"@type":"BreadcrumbList","@id":"https:\/\/vierklee.com\/index.php\/vierklee-sportwetten-app\/#breadcrumb","itemListElement":[{"@type":"ListItem","position":1,"name":"Startseite","item":"https:\/\/vierklee.com\/"},{"@type":"ListItem","position":2,"name":"Vierklee Sportwetten App"}]},{"@type":"WebSite","@id":"https:\/\/vierklee.com\/#website","url":"https:\/\/vierklee.com\/","name":"Vierklee Sportwetten","description":"Online Wetten oder unsere Wettterminals und Dartautomaten.","publisher":{"@id":"https:\/\/vierklee.com\/#organization"},"alternateName":"Vierklee Online Wetten","potentialAction":[{"@type":"SearchAction","target":{"@type":"EntryPoint","urlTemplate":"https:\/\/vierklee.com\/?s={search_term_string}"},"query-input":{"@type":"PropertyValueSpecification","valueRequired":true,"valueName":"search_term_string"}}],"inLanguage":"de"},{"@type":"Organization","@id":"https:\/\/vierklee.com\/#organization","name":"Vierklee Wettb\u00fcro GmbH","alternateName":"Vierklee","url":"https:\/\/vierklee.com\/","logo":{"@type":"ImageObject","inLanguage":"de","@id":"https:\/\/vierklee.com\/#\/schema\/logo\/image\/","url":"https:\/\/vierklee.com\/wp-content\/uploads\/2020\/12\/vierklee_hintergrund.png","contentUrl":"https:\/\/vierklee.com\/wp-content\/uploads\/2020\/12\/vierklee_hintergrund.png","width":265,"height":80,"caption":"Vierklee Wettb\u00fcro GmbH"},"image":{"@id":"https:\/\/vierklee.com\/#\/schema\/logo\/image\/"},"sameAs":["https:\/\/www.facebook.com\/vierklee","https:\/\/x.com\/vierkleebet","https:\/\/www.instagram.com\/vierkleebet\/","https:\/\/www.tumblr.com\/vierkleebet"]}]}},"_links":{"self":[{"href":"https:\/\/vierklee.com\/index.php\/wp-json\/wp\/v2\/pages\/4075","targetHints":{"allow":["GET"]}}],"collection":[{"href":"https:\/\/vierklee.com\/index.php\/wp-json\/wp\/v2\/pages"}],"about":[{"href":"https:\/\/vierklee.com\/index.php\/wp-json\/wp\/v2\/types\/page"}],"author":[{"embeddable":true,"href":"https:\/\/vierklee.com\/index.php\/wp-json\/wp\/v2\/users\/1"}],"replies":[{"embeddable":true,"href":"https:\/\/vierklee.com\/index.php\/wp-json\/wp\/v2\/comments?post=4075"}],"version-history":[{"count":11,"href":"https:\/\/vierklee.com\/index.php\/wp-json\/wp\/v2\/pages\/4075\/revisions"}],"predecessor-version":[{"id":4185,"href":"https:\/\/vierklee.com\/index.php\/wp-json\/wp\/v2\/pages\/4075\/revisions\/4185"}],"wp:attachment":[{"href":"https:\/\/vierklee.com\/index.php\/wp-json\/wp\/v2\/media?parent=4075"}],"curies":[{"name":"wp","href":"https:\/\/api.w.org\/{rel}","templated":true}]}}